{"id":1003,"date":"2024-07-05T14:02:12","date_gmt":"2024-07-05T14:02:12","guid":{"rendered":"https:\/\/www.sudburymeals.org\/modalites-et-conditions-generales\/"},"modified":"2024-12-17T13:44:38","modified_gmt":"2024-12-17T13:44:38","slug":"modalites-et-conditions-generales","status":"publish","type":"page","link":"https:\/\/sudburymeals.org\/fr\/modalites-et-conditions-generales\/","title":{"rendered":"Modalit\u00e9s et conditions g\u00e9n\u00e9rales"},"content":{"rendered":"<p>[et_pb_section fb_built=\u00a0\u00bb1&Prime; _builder_version=\u00a0\u00bb4.26.0&Prime; _module_preset=\u00a0\u00bbdefault\u00a0\u00bb background_color=\u00a0\u00bb#2A3077&Prime; custom_padding=\u00a0\u00bb40px||40px||true|false\u00a0\u00bb global_colors_info=\u00a0\u00bb{}\u00a0\u00bb theme_builder_area=\u00a0\u00bbpost_content\u00a0\u00bb][et_pb_row _builder_version=\u00a0\u00bb4.26.0&Prime; _module_preset=\u00a0\u00bbdefault\u00a0\u00bb global_colors_info=\u00a0\u00bb{}\u00a0\u00bb theme_builder_area=\u00a0\u00bbpost_content\u00a0\u00bb][et_pb_column type=\u00a0\u00bb4_4&Prime; _builder_version=\u00a0\u00bb4.26.0&Prime; _module_preset=\u00a0\u00bbdefault\u00a0\u00bb global_colors_info=\u00a0\u00bb{}\u00a0\u00bb theme_builder_area=\u00a0\u00bbpost_content\u00a0\u00bb][et_pb_text _builder_version=\u00a0\u00bb4.27.0&Prime; _module_preset=\u00a0\u00bbdefault\u00a0\u00bb header_text_align=\u00a0\u00bbcenter\u00a0\u00bb header_text_color=\u00a0\u00bb#DBC28A\u00a0\u00bb header_font_size=\u00a0\u00bb45px\u00a0\u00bb hover_enabled=\u00a0\u00bb0&Prime; global_colors_info=\u00a0\u00bb{}\u00a0\u00bb theme_builder_area=\u00a0\u00bbpost_content\u00a0\u00bb sticky_enabled=\u00a0\u00bb0&Prime;]<\/p>\n<h1>Modalit\u00e9s et conditions g\u00e9n\u00e9rales<\/h1>\n<p>[\/et_pb_text][\/et_pb_column][\/et_pb_row][\/et_pb_section][et_pb_section fb_built=\u00a0\u00bb1&Prime; _builder_version=\u00a0\u00bb4.27.0&Prime; _module_preset=\u00a0\u00bbdefault\u00a0\u00bb hover_enabled=\u00a0\u00bb0&Prime; global_colors_info=\u00a0\u00bb{}\u00a0\u00bb theme_builder_area=\u00a0\u00bbpost_content\u00a0\u00bb use_background_color_gradient=\u00a0\u00bbon\u00a0\u00bb background_color_gradient_stops=\u00a0\u00bb#ffffff 0%|#f7fafc 100%\u00a0\u00bb sticky_enabled=\u00a0\u00bb0&Prime;][et_pb_row _builder_version=\u00a0\u00bb4.27.0&Prime; _module_preset=\u00a0\u00bbdefault\u00a0\u00bb global_colors_info=\u00a0\u00bb{}\u00a0\u00bb theme_builder_area=\u00a0\u00bbpost_content\u00a0\u00bb][et_pb_column type=\u00a0\u00bb4_4&Prime; _builder_version=\u00a0\u00bb4.27.0&Prime; _module_preset=\u00a0\u00bbdefault\u00a0\u00bb global_colors_info=\u00a0\u00bb{}\u00a0\u00bb theme_builder_area=\u00a0\u00bbpost_content\u00a0\u00bb][et_pb_text _builder_version=\u00a0\u00bb4.27.0&Prime; _module_preset=\u00a0\u00bbdefault\u00a0\u00bb theme_builder_area=\u00a0\u00bbpost_content\u00a0\u00bb hover_enabled=\u00a0\u00bb0&Prime; sticky_enabled=\u00a0\u00bb0&Prime;]<\/p>\n<p>Les pr\u00e9sentes modalit\u00e9s et conditions g\u00e9n\u00e9rales (\u00ab modalit\u00e9s, \u00ab accord \u00bb) constituent un accord conclu entre Popote roulante (Sudbury) (\u00ab Popote roulante [Sudbury], \u00ab nous \u00bb ou \u00ab notre \u00bb) et vous (\u00ab utilisateur \u00bb, \u00ab vous \u00bb ou \u00ab votre \u00bb). Le pr\u00e9sent accord d\u00e9finit les modalit\u00e9s et conditions g\u00e9n\u00e9rales d\u2019utilisation du site Web sudburymeals.org et de tous ses produits et services connexes (collectivement, \u00ab site Web \u00bb ou \u00ab services \u00bb). <\/p>\n<p>[\/et_pb_text][\/et_pb_column][\/et_pb_row][et_pb_row _builder_version=\u00a0\u00bb4.27.0&Prime; _module_preset=\u00a0\u00bbdefault\u00a0\u00bb global_colors_info=\u00a0\u00bb{}\u00a0\u00bb theme_builder_area=\u00a0\u00bbpost_content\u00a0\u00bb][et_pb_column type=\u00a0\u00bb4_4&Prime; _builder_version=\u00a0\u00bb4.27.0&Prime; _module_preset=\u00a0\u00bbdefault\u00a0\u00bb global_colors_info=\u00a0\u00bb{}\u00a0\u00bb theme_builder_area=\u00a0\u00bbpost_content\u00a0\u00bb][et_pb_text _builder_version=\u00a0\u00bb4.27.0&Prime; _module_preset=\u00a0\u00bbdefault\u00a0\u00bb header_2_font_size=\u00a0\u00bb28px\u00a0\u00bb hover_enabled=\u00a0\u00bb0&Prime; locked=\u00a0\u00bboff\u00a0\u00bb global_colors_info=\u00a0\u00bb{}\u00a0\u00bb theme_builder_area=\u00a0\u00bbpost_content\u00a0\u00bb sticky_enabled=\u00a0\u00bb0&Prime;]<\/p>\n<h2>Sauvegardes<\/h2>\n<p>[\/et_pb_text][et_pb_text _builder_version=\u00a0\u00bb4.27.0&Prime; _module_preset=\u00a0\u00bbdefault\u00a0\u00bb theme_builder_area=\u00a0\u00bbpost_content\u00a0\u00bb hover_enabled=\u00a0\u00bb0&Prime; sticky_enabled=\u00a0\u00bb0&Prime;]<\/p>\n<p>Nous ne sommes pas responsables du contenu qui r\u00e9side sur le site Web. Nous ne serons en aucun cas tenus responsables de la perte de contenu. Vous \u00eates seul responsable de la sauvegarde de votre contenu. Nonobstant ce qui pr\u00e9c\u00e8de, \u00e0 certaines occasions et dans certaines circonstances, sans aucune obligation, il se peut que nous puissions r\u00e9cup\u00e9rer vos donn\u00e9es, en partie ou en entier, qui ont \u00e9t\u00e9 supprim\u00e9es \u00e0 une telle date ou \u00e0 une telle heure au moment o\u00f9 nous pourrions avoir sauvegard\u00e9 des donn\u00e9es \u00e0 nos propres fins. Nous ne garantissons pas pouvoir r\u00e9cup\u00e9rer les donn\u00e9es voulues.    <\/p>\n<p>[\/et_pb_text][\/et_pb_column][\/et_pb_row][et_pb_row _builder_version=\u00a0\u00bb4.27.0&Prime; _module_preset=\u00a0\u00bbdefault\u00a0\u00bb global_colors_info=\u00a0\u00bb{}\u00a0\u00bb theme_builder_area=\u00a0\u00bbpost_content\u00a0\u00bb][et_pb_column type=\u00a0\u00bb4_4&Prime; _builder_version=\u00a0\u00bb4.27.0&Prime; _module_preset=\u00a0\u00bbdefault\u00a0\u00bb global_colors_info=\u00a0\u00bb{}\u00a0\u00bb theme_builder_area=\u00a0\u00bbpost_content\u00a0\u00bb][et_pb_text _builder_version=\u00a0\u00bb4.27.0&Prime; _module_preset=\u00a0\u00bbdefault\u00a0\u00bb header_2_font_size=\u00a0\u00bb28px\u00a0\u00bb hover_enabled=\u00a0\u00bb0&Prime; locked=\u00a0\u00bboff\u00a0\u00bb global_colors_info=\u00a0\u00bb{}\u00a0\u00bb theme_builder_area=\u00a0\u00bbpost_content\u00a0\u00bb sticky_enabled=\u00a0\u00bb0&Prime;]<\/p>\n<h2>Liens vers d\u2019autres sites Web<\/h2>\n<p>[\/et_pb_text][et_pb_text _builder_version=\u00a0\u00bb4.27.0&Prime; _module_preset=\u00a0\u00bbdefault\u00a0\u00bb theme_builder_area=\u00a0\u00bbpost_content\u00a0\u00bb hover_enabled=\u00a0\u00bb0&Prime; sticky_enabled=\u00a0\u00bb0&Prime;]<\/p>\n<p>Bien que le site Web puisse contenir des liens menant \u00e0 d&rsquo;autres sites Web, nous n\u2019insinuons, directement ou indirectement, aucune forme d\u2019appui, d\u2019affiliation, d\u2019approbation, d\u2019association ou de commandite concernant les sites Web mentionn\u00e9s, sauf indication contraire dans la pr\u00e9sente. Nous ne sommes pas responsables de l&rsquo;examen ou de l&rsquo;\u00e9valuation desdits sites Web, et nous ne garantissons pas les offres d&rsquo;entreprises ou d&rsquo;individus ni le contenu de leurs sites Web. Nous n&rsquo;assumons aucune responsabilit\u00e9 pour les actions, les produits, les services et le contenu de tout autre tiers. Vous devez lire attentivement les mentions l\u00e9gales et autres conditions d&rsquo;utilisation de tout site Web auquel vous acc\u00e9dez via un lien sur le site Web. L\u2019acc\u00e8s \u00e0 d&rsquo;autres sites Web hors site se fait \u00e0 vos risques et p\u00e9rils.    <\/p>\n<p>[\/et_pb_text][\/et_pb_column][\/et_pb_row][et_pb_row _builder_version=\u00a0\u00bb4.27.0&Prime; _module_preset=\u00a0\u00bbdefault\u00a0\u00bb global_colors_info=\u00a0\u00bb{}\u00a0\u00bb theme_builder_area=\u00a0\u00bbpost_content\u00a0\u00bb][et_pb_column type=\u00a0\u00bb4_4&Prime; _builder_version=\u00a0\u00bb4.27.0&Prime; _module_preset=\u00a0\u00bbdefault\u00a0\u00bb global_colors_info=\u00a0\u00bb{}\u00a0\u00bb theme_builder_area=\u00a0\u00bbpost_content\u00a0\u00bb][et_pb_text _builder_version=\u00a0\u00bb4.27.0&Prime; _module_preset=\u00a0\u00bbdefault\u00a0\u00bb header_2_font_size=\u00a0\u00bb28px\u00a0\u00bb hover_enabled=\u00a0\u00bb0&Prime; locked=\u00a0\u00bboff\u00a0\u00bb global_colors_info=\u00a0\u00bb{}\u00a0\u00bb theme_builder_area=\u00a0\u00bbpost_content\u00a0\u00bb sticky_enabled=\u00a0\u00bb0&Prime;]<\/p>\n<h2>Limitation de la responsabilit\u00e9<\/h2>\n<p>[\/et_pb_text][et_pb_text _builder_version=\u00a0\u00bb4.27.0&Prime; _module_preset=\u00a0\u00bbdefault\u00a0\u00bb theme_builder_area=\u00a0\u00bbpost_content\u00a0\u00bb hover_enabled=\u00a0\u00bb0&Prime; sticky_enabled=\u00a0\u00bb0&Prime;]<\/p>\n<p>Dans toute la mesure permise par la loi applicable, en aucun cas Popote roulante (Sudbury), ses soci\u00e9t\u00e9s affili\u00e9es, administrateurs, dirigeants, employ\u00e9s, agents, fournisseurs ou conc\u00e9dants de licence ne seront responsables envers quiconque de tout dommage indirect, accessoire, sp\u00e9cial, punitif, de couverture ou cons\u00e9cutif (y compris, sans s&rsquo;y limiter, les dommages-int\u00e9r\u00eats pour perte de profits, de revenus, de ventes, de client\u00e8le ou d\u2019utilisation de contenu ainsi que pour impact sur les activit\u00e9s, interruption des activit\u00e9s, perte d&rsquo;\u00e9conomies pr\u00e9vues ou perte d&rsquo;occasions commerciales) quelle qu&rsquo;en soit la cause, en vertu de toute th\u00e9orie de responsabilit\u00e9, y compris sans limitation, contrat, d\u00e9lit, garantie, manquement \u00e0 une obligation l\u00e9gale, n\u00e9gligence ou autre, m\u00eame si Popote roulante (Sudbury) a \u00e9t\u00e9 inform\u00e9 de la possibilit\u00e9 de tels dommages ou aurait pu pr\u00e9voir de tels dommages. Dans la mesure maximale permise par la loi applicable, la responsabilit\u00e9 globale de Popote roulante (Sudbury) et de ses soci\u00e9t\u00e9s affili\u00e9es, dirigeants, employ\u00e9s, agents, fournisseurs et conc\u00e9dants de licence concernant les services sera limit\u00e9e \u00e0 un montant sup\u00e9rieur \u00e0 un dollar ou \u00e0 tout montant r\u00e9ellement pay\u00e9 en esp\u00e8ces par vous \u00e0 Popote roulante (Sudbury) pour la p\u00e9riode d&rsquo;un mois pr\u00e9c\u00e9dant le premier \u00e9v\u00e8nement ou \u00e9v\u00e8nement donnant lieu \u00e0 une telle responsabilit\u00e9. Les limitations et exclusions s&rsquo;appliquent \u00e9galement si ce recours ne vous indemnise pas enti\u00e8rement pour toute perte ou manque \u00e0 son objectif essentiel.  <\/p>\n<p>[\/et_pb_text][\/et_pb_column][\/et_pb_row][et_pb_row _builder_version=\u00a0\u00bb4.27.0&Prime; _module_preset=\u00a0\u00bbdefault\u00a0\u00bb global_colors_info=\u00a0\u00bb{}\u00a0\u00bb theme_builder_area=\u00a0\u00bbpost_content\u00a0\u00bb][et_pb_column type=\u00a0\u00bb4_4&Prime; _builder_version=\u00a0\u00bb4.27.0&Prime; _module_preset=\u00a0\u00bbdefault\u00a0\u00bb global_colors_info=\u00a0\u00bb{}\u00a0\u00bb theme_builder_area=\u00a0\u00bbpost_content\u00a0\u00bb][et_pb_text _builder_version=\u00a0\u00bb4.27.0&Prime; _module_preset=\u00a0\u00bbdefault\u00a0\u00bb header_2_font_size=\u00a0\u00bb28px\u00a0\u00bb hover_enabled=\u00a0\u00bb0&Prime; locked=\u00a0\u00bboff\u00a0\u00bb global_colors_info=\u00a0\u00bb{}\u00a0\u00bb theme_builder_area=\u00a0\u00bbpost_content\u00a0\u00bb sticky_enabled=\u00a0\u00bb0&Prime;]<\/p>\n<h2>Changements et modifications<\/h2>\n<p>[\/et_pb_text][et_pb_text _builder_version=\u00a0\u00bb4.27.0&Prime; _module_preset=\u00a0\u00bbdefault\u00a0\u00bb theme_builder_area=\u00a0\u00bbpost_content\u00a0\u00bb hover_enabled=\u00a0\u00bb0&Prime; sticky_enabled=\u00a0\u00bb0&Prime;]<\/p>\n<p>Nous nous r\u00e9servons le droit de modifier le pr\u00e9sent accord ou ses politiques relatives au site Web et aux services \u00e0 tout moment, \u00e0 compter de la publication d\u2019une version mise \u00e0 jour du pr\u00e9sent accord sur le site Web. Lorsque nous le ferons, nous r\u00e9viserons la date de mise \u00e0 jour au bas de cette page. L\u2019utilisation continue du site Web et des services apr\u00e8s de tels changements constituera votre consentement \u00e0 ces changements.  <\/p>\n<p>[\/et_pb_text][\/et_pb_column][\/et_pb_row][et_pb_row _builder_version=\u00a0\u00bb4.27.0&Prime; _module_preset=\u00a0\u00bbdefault\u00a0\u00bb global_colors_info=\u00a0\u00bb{}\u00a0\u00bb theme_builder_area=\u00a0\u00bbpost_content\u00a0\u00bb][et_pb_column type=\u00a0\u00bb4_4&Prime; _builder_version=\u00a0\u00bb4.27.0&Prime; _module_preset=\u00a0\u00bbdefault\u00a0\u00bb global_colors_info=\u00a0\u00bb{}\u00a0\u00bb theme_builder_area=\u00a0\u00bbpost_content\u00a0\u00bb][et_pb_text _builder_version=\u00a0\u00bb4.27.0&Prime; _module_preset=\u00a0\u00bbdefault\u00a0\u00bb header_2_font_size=\u00a0\u00bb28px\u00a0\u00bb hover_enabled=\u00a0\u00bb0&Prime; locked=\u00a0\u00bboff\u00a0\u00bb global_colors_info=\u00a0\u00bb{}\u00a0\u00bb theme_builder_area=\u00a0\u00bbpost_content\u00a0\u00bb sticky_enabled=\u00a0\u00bb0&Prime;]<\/p>\n<h2>Acceptation de ces modalit\u00e9s<\/h2>\n<p>[\/et_pb_text][et_pb_text _builder_version=\u00a0\u00bb4.27.0&Prime; _module_preset=\u00a0\u00bbdefault\u00a0\u00bb theme_builder_area=\u00a0\u00bbpost_content\u00a0\u00bb hover_enabled=\u00a0\u00bb0&Prime; sticky_enabled=\u00a0\u00bb0&Prime;]<\/p>\n<p>Vous reconnaissez avoir lu le pr\u00e9sent accord et vous en acceptez toutes les modalit\u00e9s et conditions g\u00e9n\u00e9rales. En utilisant le site Web et les services, vous acceptez d\u2019\u00eatre li\u00e9 par le pr\u00e9sent accord. Si vous n\u2019acceptez pas de respecter les modalit\u00e9s du pr\u00e9sent accord, vous n\u2019\u00eates pas autoris\u00e9 \u00e0 acc\u00e9der au site Web et aux services ni \u00e0 les utiliser.  <\/p>\n<p>[\/et_pb_text][\/et_pb_column][\/et_pb_row][et_pb_row _builder_version=\u00a0\u00bb4.27.0&Prime; _module_preset=\u00a0\u00bbdefault\u00a0\u00bb global_colors_info=\u00a0\u00bb{}\u00a0\u00bb theme_builder_area=\u00a0\u00bbpost_content\u00a0\u00bb][et_pb_column type=\u00a0\u00bb4_4&Prime; _builder_version=\u00a0\u00bb4.27.0&Prime; _module_preset=\u00a0\u00bbdefault\u00a0\u00bb global_colors_info=\u00a0\u00bb{}\u00a0\u00bb theme_builder_area=\u00a0\u00bbpost_content\u00a0\u00bb][et_pb_text _builder_version=\u00a0\u00bb4.27.0&Prime; _module_preset=\u00a0\u00bbdefault\u00a0\u00bb header_2_font_size=\u00a0\u00bb28px\u00a0\u00bb hover_enabled=\u00a0\u00bb0&Prime; locked=\u00a0\u00bboff\u00a0\u00bb global_colors_info=\u00a0\u00bb{}\u00a0\u00bb theme_builder_area=\u00a0\u00bbpost_content\u00a0\u00bb sticky_enabled=\u00a0\u00bb0&Prime;]<\/p>\n<h2>Communiquer avec nous<\/h2>\n<p>[\/et_pb_text][et_pb_text _builder_version=\u00a0\u00bb4.27.0&Prime; _module_preset=\u00a0\u00bbdefault\u00a0\u00bb theme_builder_area=\u00a0\u00bbpost_content\u00a0\u00bb hover_enabled=\u00a0\u00bb0&Prime; sticky_enabled=\u00a0\u00bb0&Prime;]<\/p>\n<p>Si vous avez des questions concernant le pr\u00e9sent accord, <a href=\"https:\/\/sudburymeals.org\/fr\/nous-joindre\/\">communiquez avec nous<\/a>.<\/p>\n<p>[\/et_pb_text][\/et_pb_column][\/et_pb_row][\/et_pb_section]<\/p>\n","protected":false},"excerpt":{"rendered":"<p>Modalit\u00e9s et conditions g\u00e9n\u00e9ralesLes pr\u00e9sentes modalit\u00e9s et conditions g\u00e9n\u00e9rales (\u00ab modalit\u00e9s, \u00ab accord \u00bb) constituent un accord conclu entre Popote roulante (Sudbury) (\u00ab Popote roulante [Sudbury], \u00ab nous \u00bb ou \u00ab notre \u00bb) et vous (\u00ab utilisateur \u00bb, \u00ab vous \u00bb ou \u00ab votre \u00bb). Le pr\u00e9sent accord d\u00e9finit les modalit\u00e9s et conditions g\u00e9n\u00e9rales d\u2019utilisation du site Web sudburymeals.org et de tous ses produits et services connexes (collectivement, \u00ab site Web \u00bb ou \u00ab services \u00bb). SauvegardesNous ne sommes pas responsables du contenu qui r\u00e9side sur le site Web. Nous ne serons en aucun cas tenus responsables de la perte de contenu. Vous \u00eates seul responsable de la sauvegarde de votre contenu. Nonobstant ce qui pr\u00e9c\u00e8de, \u00e0 certaines occasions et dans certaines circonstances, sans aucune obligation, il se peut que nous puissions r\u00e9cup\u00e9rer vos donn\u00e9es, en partie ou en entier, qui ont \u00e9t\u00e9 supprim\u00e9es \u00e0 une telle date ou \u00e0 une telle heure au moment o\u00f9 nous pourrions avoir sauvegard\u00e9 des donn\u00e9es \u00e0 nos propres fins. Nous ne garantissons pas pouvoir r\u00e9cup\u00e9rer les donn\u00e9es voulues. Liens vers d\u2019autres sites WebBien que le site Web puisse contenir des liens menant \u00e0 d&rsquo;autres sites Web, nous n\u2019insinuons, directement ou indirectement, aucune forme [&hellip;]<\/p>\n","protected":false},"author":1,"featured_media":0,"parent":0,"menu_order":0,"comment_status":"closed","ping_status":"closed","template":"","meta":{"_et_pb_use_builder":"on","_et_pb_old_content":"","_et_gb_content_width":"","footnotes":""},"class_list":["post-1003","page","type-page","status-publish","hentry"],"_links":{"self":[{"href":"https:\/\/sudburymeals.org\/fr\/wp-json\/wp\/v2\/pages\/1003","targetHints":{"allow":["GET"]}}],"collection":[{"href":"https:\/\/sudburymeals.org\/fr\/wp-json\/wp\/v2\/pages"}],"about":[{"href":"https:\/\/sudburymeals.org\/fr\/wp-json\/wp\/v2\/types\/page"}],"author":[{"embeddable":true,"href":"https:\/\/sudburymeals.org\/fr\/wp-json\/wp\/v2\/users\/1"}],"replies":[{"embeddable":true,"href":"https:\/\/sudburymeals.org\/fr\/wp-json\/wp\/v2\/comments?post=1003"}],"version-history":[{"count":2,"href":"https:\/\/sudburymeals.org\/fr\/wp-json\/wp\/v2\/pages\/1003\/revisions"}],"predecessor-version":[{"id":1005,"href":"https:\/\/sudburymeals.org\/fr\/wp-json\/wp\/v2\/pages\/1003\/revisions\/1005"}],"wp:attachment":[{"href":"https:\/\/sudburymeals.org\/fr\/wp-json\/wp\/v2\/media?parent=1003"}],"curies":[{"name":"wp","href":"https:\/\/api.w.org\/{rel}","templated":true}]}}