{"id":1006,"date":"2024-07-05T13:42:00","date_gmt":"2024-07-05T13:42:00","guid":{"rendered":"https:\/\/www.sudburymeals.org\/benevolat-comment-puis-je-aider\/"},"modified":"2025-11-26T16:24:50","modified_gmt":"2025-11-26T16:24:50","slug":"benevolat-comment-puis-je-aider","status":"publish","type":"page","link":"https:\/\/sudburymeals.org\/fr\/benevolat-comment-puis-je-aider\/","title":{"rendered":"Comment puis-je aider?"},"content":{"rendered":"<p>[et_pb_section fb_built=\u00a0\u00bb1&Prime; _builder_version=\u00a0\u00bb4.26.0&Prime; _module_preset=\u00a0\u00bbdefault\u00a0\u00bb background_color=\u00a0\u00bb#2A3077&Prime; custom_padding=\u00a0\u00bb40px||40px||true|false\u00a0\u00bb global_colors_info=\u00a0\u00bb{}\u00a0\u00bb][et_pb_row _builder_version=\u00a0\u00bb4.26.0&Prime; _module_preset=\u00a0\u00bbdefault\u00a0\u00bb global_colors_info=\u00a0\u00bb{}\u00a0\u00bb][et_pb_column type=\u00a0\u00bb4_4&Prime; _builder_version=\u00a0\u00bb4.26.0&Prime; _module_preset=\u00a0\u00bbdefault\u00a0\u00bb global_colors_info=\u00a0\u00bb{}\u00a0\u00bb][et_pb_text _builder_version=\u00a0\u00bb4.27.0&Prime; _module_preset=\u00a0\u00bbdefault\u00a0\u00bb header_text_align=\u00a0\u00bbcenter\u00a0\u00bb header_text_color=\u00a0\u00bb#DBC28A\u00a0\u00bb header_font_size=\u00a0\u00bb45px\u00a0\u00bb global_colors_info=\u00a0\u00bb{}\u00a0\u00bb]<\/p>\n<h1>B\u00e9n\u00e9volat<\/h1>\n<p>[\/et_pb_text][\/et_pb_column][\/et_pb_row][\/et_pb_section][et_pb_section fb_built=\u00a0\u00bb1&Prime; _builder_version=\u00a0\u00bb4.26.0&Prime; _module_preset=\u00a0\u00bbdefault\u00a0\u00bb global_colors_info=\u00a0\u00bb{}\u00a0\u00bb][et_pb_row column_structure=\u00a0\u00bb2_3,1_3&Prime; make_equal=\u00a0\u00bbon\u00a0\u00bb custom_padding_last_edited=\u00a0\u00bbon|desktop\u00a0\u00bb _builder_version=\u00a0\u00bb4.26.0&Prime; _module_preset=\u00a0\u00bbdefault\u00a0\u00bb custom_padding=\u00a0\u00bb||10px||false|false\u00a0\u00bb custom_padding_tablet=\u00a0\u00bb||10px||false|false\u00a0\u00bb custom_padding_phone=\u00a0\u00bb||10px||false|false\u00a0\u00bb custom_css_main_element=\u00a0\u00bbalign-items:center;\u00a0\u00bb global_colors_info=\u00a0\u00bb{}\u00a0\u00bb][et_pb_column type=\u00a0\u00bb2_3&Prime; _builder_version=\u00a0\u00bb4.26.0&Prime; _module_preset=\u00a0\u00bbdefault\u00a0\u00bb global_colors_info=\u00a0\u00bb{}\u00a0\u00bb][et_pb_text _builder_version=\u00a0\u00bb4.27.0&Prime; _module_preset=\u00a0\u00bbdefault\u00a0\u00bb header_2_font_size=\u00a0\u00bb28px\u00a0\u00bb locked=\u00a0\u00bboff\u00a0\u00bb global_colors_info=\u00a0\u00bb{}\u00a0\u00bb]<\/p>\n<h2>Comment puis-je aider?<\/h2>\n<p>[\/et_pb_text][et_pb_text _builder_version=\u00a0\u00bb4.27.0&Prime; _module_preset=\u00a0\u00bbdefault\u00a0\u00bb locked=\u00a0\u00bboff\u00a0\u00bb global_colors_info=\u00a0\u00bb{}\u00a0\u00bb]<\/p>\n<p>Nous sommes toujours \u00e0 la recherche de nouveaux b\u00e9n\u00e9voles qui aideront les gens \u00e0 continuer \u00e0 vivre chez eux de fa\u00e7on autonome.<\/p>\n<p>[\/et_pb_text][dsm_button button_one_text=\u00a0\u00bbD\u00e9pliant sur le b\u00e9n\u00e9volat (EN)\u00a0\u00bb button_one_url=\u00a0\u00bbhttps:\/\/sudburymeals.org\/wp-content\/uploads\/2025\/11\/Volunteerbrochure.pdf\u00a0\u00bb button_one_url_new_window=\u00a0\u00bbon\u00a0\u00bb button_two_text=\u00a0\u00bbLivret des b\u00e9n\u00e9voles (EN)\u00a0\u00bb button_two_url=\u00a0\u00bbhttps:\/\/sudburymeals.org\/wp-content\/uploads\/2025\/11\/Volunteer-Booklet.pdf\u00a0\u00bb button_two_url_new_window=\u00a0\u00bbon\u00a0\u00bb _builder_version=\u00a0\u00bb4.27.4&Prime; _module_preset=\u00a0\u00bbdefault\u00a0\u00bb hover_enabled=\u00a0\u00bb0&Prime; global_colors_info=\u00a0\u00bb{}\u00a0\u00bb sticky_enabled=\u00a0\u00bb0&Prime;][\/dsm_button][et_pb_text _builder_version=\u00a0\u00bb4.27.0&Prime; _module_preset=\u00a0\u00bbdefault\u00a0\u00bb locked=\u00a0\u00bboff\u00a0\u00bb global_colors_info=\u00a0\u00bb{}\u00a0\u00bb]<\/p>\n<p>Popote roulante (Sudbury) est un organisme communautaire qui a recours \u00e0 l\u2019action b\u00e9n\u00e9vole pour assurer la livraison de repas nutritifs et la prestation de services connexes. Tous les repas sont livr\u00e9s dans la communaut\u00e9 par des b\u00e9n\u00e9voles d\u00e9vou\u00e9s. Nos b\u00e9n\u00e9voles prennent plaisir \u00e0 apporter des repas nourrissants chauds aux clients et \u00e0 \u00e9gayer leur journ\u00e9e.  <\/p>\n<p>[\/et_pb_text][\/et_pb_column][et_pb_column type=\u00a0\u00bb1_3&Prime; _builder_version=\u00a0\u00bb4.26.0&Prime; _module_preset=\u00a0\u00bbdefault\u00a0\u00bb global_colors_info=\u00a0\u00bb{}\u00a0\u00bb][et_pb_image src=\u00a0\u00bbhttps:\/\/sudburymeals.org\/wp-content\/uploads\/2024\/07\/MoW-Volunteers-3.jpg\u00a0\u00bb alt=\u00a0\u00bbB\u00e9n\u00e9volats\u00a0\u00bb _builder_version=\u00a0\u00bb4.27.0&Prime; _module_preset=\u00a0\u00bbdefault\u00a0\u00bb global_colors_info=\u00a0\u00bb{}\u00a0\u00bb][\/et_pb_image][\/et_pb_column][\/et_pb_row][et_pb_row _builder_version=\u00a0\u00bb4.27.0&Prime; _module_preset=\u00a0\u00bbdefault\u00a0\u00bb global_colors_info=\u00a0\u00bb{}\u00a0\u00bb][et_pb_column type=\u00a0\u00bb4_4&Prime; _builder_version=\u00a0\u00bb4.27.0&Prime; _module_preset=\u00a0\u00bbdefault\u00a0\u00bb global_colors_info=\u00a0\u00bb{}\u00a0\u00bb][dsm_masonry_gallery gallery_ids=\u00a0\u00bb726,740,729,516,739,505&Prime; lazyload=\u00a0\u00bbon\u00a0\u00bb dsm_sort_images=\u00a0\u00bboff\u00a0\u00bb gutter=\u00a0\u00bb14&Prime; use_lightbox=\u00a0\u00bbon\u00a0\u00bb use_zoom_on_hover=\u00a0\u00bbon\u00a0\u00bb columns_tablet=\u00a0\u00bb2&Prime; columns_phone=\u00a0\u00bb2&Prime; columns_last_edited=\u00a0\u00bbon|desktop\u00a0\u00bb _builder_version=\u00a0\u00bb4.27.0&Prime; _module_preset=\u00a0\u00bbdefault\u00a0\u00bb global_colors_info=\u00a0\u00bb{}\u00a0\u00bb][\/dsm_masonry_gallery][\/et_pb_column][\/et_pb_row][\/et_pb_section][et_pb_section fb_built=\u00a0\u00bb1&Prime; _builder_version=\u00a0\u00bb4.26.0&Prime; _module_preset=\u00a0\u00bbdefault\u00a0\u00bb background_color=\u00a0\u00bb#F7FAFC\u00a0\u00bb global_colors_info=\u00a0\u00bb{}\u00a0\u00bb][et_pb_row column_structure=\u00a0\u00bb1_3,1_3,1_3&Prime; _builder_version=\u00a0\u00bb4.26.0&Prime; _module_preset=\u00a0\u00bbdefault\u00a0\u00bb locked=\u00a0\u00bboff\u00a0\u00bb global_colors_info=\u00a0\u00bb{}\u00a0\u00bb][et_pb_column type=\u00a0\u00bb1_3&Prime; _builder_version=\u00a0\u00bb4.26.0&Prime; _module_preset=\u00a0\u00bbdefault\u00a0\u00bb global_colors_info=\u00a0\u00bb{}\u00a0\u00bb][et_pb_icon font_icon=\u00a0\u00bb&#xf4be;||fa||900&Prime; icon_color=\u00a0\u00bb#DBC28A\u00a0\u00bb icon_width=\u00a0\u00bb45px\u00a0\u00bb _builder_version=\u00a0\u00bb4.27.0&Prime; _module_preset=\u00a0\u00bbdefault\u00a0\u00bb background_color=\u00a0\u00bb#2A3077&Prime; custom_margin=\u00a0\u00bb||0px||false|false\u00a0\u00bb custom_padding=\u00a0\u00bb15px|15px|15px|15px|true|true\u00a0\u00bb custom_css_icon_element=\u00a0\u00bbwidth:50px;||height:50px;||||\u00a0\u00bb border_radii=\u00a0\u00bbon|50px|50px|50px|50px\u00a0\u00bb global_colors_info=\u00a0\u00bb{}\u00a0\u00bb][\/et_pb_icon][dsm_card title=\u00a0\u00bbPostes de b\u00e9n\u00e9volat\u00a0\u00bb image_as_background=\u00a0\u00bboff\u00a0\u00bb image_alignment=\u00a0\u00bbcenter\u00a0\u00bb button_url_new_window=\u00a0\u00bb1&Prime; icon_content_font_size_tablet=\u00a0\u00bb60px\u00a0\u00bb icon_content_font_size_phone=\u00a0\u00bb60px\u00a0\u00bb icon_content_font_size_last_edited=\u00a0\u00bbon|desktop\u00a0\u00bb _builder_version=\u00a0\u00bb4.27.0&Prime; _module_preset=\u00a0\u00bbdefault\u00a0\u00bb header_level=\u00a0\u00bbh3&Prime; header_text_align=\u00a0\u00bbcenter\u00a0\u00bb header_text_color=\u00a0\u00bb#2A3077&Prime; header_font_size=\u00a0\u00bb25px\u00a0\u00bb subhead_font=\u00a0\u00bb|600||on|||||\u00a0\u00bb subhead_text_align=\u00a0\u00bbcenter\u00a0\u00bb subhead_text_color=\u00a0\u00bb#1A1E4A\u00a0\u00bb module_alignment=\u00a0\u00bbcenter\u00a0\u00bb custom_css_free_form=\u00a0\u00bbselector .dsm_card_description{||  margin-top:15px !important;||}||\u00a0\u00bb global_colors_info=\u00a0\u00bb{}\u00a0\u00bb]<\/p>\n<p>Popote roulante (Sudbury) offre divers postes de b\u00e9n\u00e9volat, dont les suivants :<br \/><span><\/span><\/p>\n<ul>\n<li>Conducteur-livreur ou conductrice-livreuse<\/li>\n<li>Aide au conducteur-livreur ou \u00e0 la conductrice-livreuse<\/li>\n<li>B\u00e9n\u00e9vole dans la cuisine<\/li>\n<li>B\u00e9n\u00e9vole dans le bureau<\/li>\n<li>B\u00e9n\u00e9vole membre du conseil d\u2019administration<\/li>\n<\/ul>\n<p>[\/dsm_card][\/et_pb_column][et_pb_column type=\u00a0\u00bb1_3&Prime; _builder_version=\u00a0\u00bb4.26.0&Prime; _module_preset=\u00a0\u00bbdefault\u00a0\u00bb global_colors_info=\u00a0\u00bb{}\u00a0\u00bb][et_pb_icon font_icon=\u00a0\u00bb&#xf46d;||fa||900&Prime; icon_color=\u00a0\u00bb#DBC28A\u00a0\u00bb icon_width=\u00a0\u00bb45px\u00a0\u00bb _builder_version=\u00a0\u00bb4.27.0&Prime; _module_preset=\u00a0\u00bbdefault\u00a0\u00bb background_color=\u00a0\u00bb#2A3077&Prime; custom_margin=\u00a0\u00bb||0px||false|false\u00a0\u00bb custom_padding=\u00a0\u00bb15px|15px|15px|15px|true|true\u00a0\u00bb custom_css_icon_element=\u00a0\u00bbwidth:50px;||height:50px;||||\u00a0\u00bb border_radii=\u00a0\u00bbon|50px|50px|50px|50px\u00a0\u00bb global_colors_info=\u00a0\u00bb{}\u00a0\u00bb][\/et_pb_icon][dsm_card title=\u00a0\u00bbExigences\u00a0\u00bb image_as_background=\u00a0\u00bboff\u00a0\u00bb image_alignment=\u00a0\u00bbcenter\u00a0\u00bb button_url_new_window=\u00a0\u00bb1&Prime; icon_content_font_size_tablet=\u00a0\u00bb60px\u00a0\u00bb icon_content_font_size_phone=\u00a0\u00bb60px\u00a0\u00bb icon_content_font_size_last_edited=\u00a0\u00bbon|desktop\u00a0\u00bb _builder_version=\u00a0\u00bb4.27.0&Prime; _module_preset=\u00a0\u00bbdefault\u00a0\u00bb header_level=\u00a0\u00bbh3&Prime; header_text_align=\u00a0\u00bbcenter\u00a0\u00bb header_text_color=\u00a0\u00bb#2A3077&Prime; header_font_size=\u00a0\u00bb25px\u00a0\u00bb subhead_font=\u00a0\u00bb|600||on|||||\u00a0\u00bb subhead_text_align=\u00a0\u00bbcenter\u00a0\u00bb subhead_text_color=\u00a0\u00bb#1A1E4A\u00a0\u00bb module_alignment=\u00a0\u00bbcenter\u00a0\u00bb custom_css_free_form=\u00a0\u00bbselector .dsm_card_description{||  margin-top:15px !important;||}||\u00a0\u00bb border_color_all_image=\u00a0\u00bb#457A2F\u00a0\u00bb global_colors_info=\u00a0\u00bb{}\u00a0\u00bb]<\/p>\n<p>Tous les b\u00e9n\u00e9voles de Popote roulante (Sudbury) doivent passer en entrevue afin que nous puissions d\u00e9terminer leurs champs d\u2019int\u00e9r\u00eat et leur attribuer le poste qui leur convient le mieux.<\/p>\n<p>Les conducteurs-livreurs et conductrices-livreuses b\u00e9n\u00e9voles doivent d\u00e9tenir un permis de conduire valide, avoir acc\u00e8s \u00e0 un v\u00e9hicule fiable et assur\u00e9 et se soumettre \u00e0 un processus de d\u00e9pistage qui comprend une v\u00e9rification du casier judiciaire dans le syst\u00e8me du Centre d&rsquo;information de la police canadienne (CIPC) en vue d\u2019un travail aupr\u00e8s de personnes vuln\u00e9rables. Nos conducteurs et conductrices re\u00e7oivent une <strong>allocation mon\u00e9taire<\/strong>. <\/p>\n<p>L\u2019horaire des b\u00e9n\u00e9voles sera fix\u00e9 selon leur disponibilit\u00e9. Popote roulante (Sudbury) demande toutefois un engagement d\u2019au moins un mois. <\/p>\n<p>[\/dsm_card][\/et_pb_column][et_pb_column type=\u00a0\u00bb1_3&Prime; _builder_version=\u00a0\u00bb4.26.0&Prime; _module_preset=\u00a0\u00bbdefault\u00a0\u00bb global_colors_info=\u00a0\u00bb{}\u00a0\u00bb][et_pb_icon font_icon=\u00a0\u00bb&#xe065;||fa||900&Prime; icon_color=\u00a0\u00bb#DBC28A\u00a0\u00bb icon_width=\u00a0\u00bb45px\u00a0\u00bb _builder_version=\u00a0\u00bb4.26.0&Prime; _module_preset=\u00a0\u00bbdefault\u00a0\u00bb background_color=\u00a0\u00bb#2A3077&Prime; custom_margin=\u00a0\u00bb||0px||false|false\u00a0\u00bb custom_padding=\u00a0\u00bb15px|15px|15px|15px|true|true\u00a0\u00bb custom_css_icon_element=\u00a0\u00bbwidth:50px;||height:50px;||||\u00a0\u00bb border_radii=\u00a0\u00bbon|50px|50px|50px|50px\u00a0\u00bb global_colors_info=\u00a0\u00bb{}\u00a0\u00bb][\/et_pb_icon][dsm_card title=\u00a0\u00bbLe b\u00e9n\u00e9volat chez nous procure les avantages suivants :\u00a0\u00bb image_as_background=\u00a0\u00bboff\u00a0\u00bb image_alignment=\u00a0\u00bbcenter\u00a0\u00bb button_url_new_window=\u00a0\u00bb1&Prime; icon_content_font_size_tablet=\u00a0\u00bb60px\u00a0\u00bb icon_content_font_size_phone=\u00a0\u00bb60px\u00a0\u00bb icon_content_font_size_last_edited=\u00a0\u00bbon|desktop\u00a0\u00bb _builder_version=\u00a0\u00bb4.27.0&Prime; _module_preset=\u00a0\u00bbdefault\u00a0\u00bb header_level=\u00a0\u00bbh3&Prime; header_text_align=\u00a0\u00bbcenter\u00a0\u00bb header_text_color=\u00a0\u00bb#2A3077&Prime; header_font_size=\u00a0\u00bb25px\u00a0\u00bb subhead_font=\u00a0\u00bb|600||on|||||\u00a0\u00bb subhead_text_align=\u00a0\u00bbcenter\u00a0\u00bb subhead_text_color=\u00a0\u00bb#1A1E4A\u00a0\u00bb module_alignment=\u00a0\u00bbcenter\u00a0\u00bb custom_css_free_form=\u00a0\u00bbselector .dsm_card_description{||  margin-top:15px !important;||}||\u00a0\u00bb global_colors_info=\u00a0\u00bb{}\u00a0\u00bb]<\/p>\n<ul>\n<li>De nouvelles exp\u00e9riences de travail<\/li>\n<li>La chance de redonner \u00e0 la communaut\u00e9<\/li>\n<li>L\u2019occasion d\u2019apporter une contribution positive<\/li>\n<li>De nouvelles aptitudes<\/li>\n<li>Le r\u00e9seautage et de nouvelles amiti\u00e9s<\/li>\n<li>L\u2019enrichissement de la vie<\/li>\n<\/ul>\n<p>[\/dsm_card][\/et_pb_column][\/et_pb_row][et_pb_row column_structure=\u00a0\u00bb2_3,1_3&Prime; _builder_version=\u00a0\u00bb4.27.0&Prime; _module_preset=\u00a0\u00bbdefault\u00a0\u00bb custom_padding=\u00a0\u00bb30px|30px|30px|30px|true|true\u00a0\u00bb border_radii=\u00a0\u00bbon|25px|25px|25px|25px\u00a0\u00bb border_width_all=\u00a0\u00bb2px\u00a0\u00bb border_color_all=\u00a0\u00bb#3EA447&Prime; global_colors_info=\u00a0\u00bb{}\u00a0\u00bb][et_pb_column type=\u00a0\u00bb2_3&Prime; _builder_version=\u00a0\u00bb4.27.0&Prime; _module_preset=\u00a0\u00bbdefault\u00a0\u00bb global_colors_info=\u00a0\u00bb{}\u00a0\u00bb][et_pb_text _builder_version=\u00a0\u00bb4.27.0&Prime; _module_preset=\u00a0\u00bbdefault\u00a0\u00bb locked=\u00a0\u00bboff\u00a0\u00bb global_colors_info=\u00a0\u00bb{}\u00a0\u00bb]<\/p>\n<p><span>Pour en savoir plus sur les possibilit\u00e9s de b\u00e9n\u00e9volat \u00e0 Popote roulante (Sudbury), communiquez avec notre coordonnatrice des services b\u00e9n\u00e9voles au <a href=\"tel:705-525-4554\">705 525-4554<\/a> ou par courriel<\/span> \u00e0 <a href=\"mailto:volunteercoordinator@sudburymeals.org\">volunteercoordinator@sudburymeals.org<\/a><span>.<\/span><\/p>\n<p>[\/et_pb_text][\/et_pb_column][et_pb_column type=\u00a0\u00bb1_3&Prime; _builder_version=\u00a0\u00bb4.27.0&Prime; _module_preset=\u00a0\u00bbdefault\u00a0\u00bb global_colors_info=\u00a0\u00bb{}\u00a0\u00bb][et_pb_button button_url=\u00a0\u00bbhttps:\/\/app.sudburymeals.org\/\u00a0\u00bb url_new_window=\u00a0\u00bbon\u00a0\u00bb button_text=\u00a0\u00bbFaites demande maintenant!\u00a0\u00bb button_alignment=\u00a0\u00bbcenter\u00a0\u00bb _builder_version=\u00a0\u00bb4.27.0&Prime; _module_preset=\u00a0\u00bbdefault\u00a0\u00bb global_colors_info=\u00a0\u00bb{}\u00a0\u00bb][\/et_pb_button][\/et_pb_column][\/et_pb_row][\/et_pb_section]<\/p>\n","protected":false},"excerpt":{"rendered":"<p>B\u00e9n\u00e9volatComment puis-je aider?Nous sommes toujours \u00e0 la recherche de nouveaux b\u00e9n\u00e9voles qui aideront les gens \u00e0 continuer \u00e0 vivre chez eux de fa\u00e7on autonome.<div class=\"et_pb_module dsm_button dsm_button_0 et_pb_bg_layout_light\">\n\t\t\t\t\n\t\t\t\t\n\t\t\t\t\n\t\t\t\t\n\t\t\t\t\n\t\t\t\t\n\t\t\t\t<div class=\"et_pb_module_inner\">\n\t\t\t\t\t<div class=\"et_pb_button_module_wrappers dsm_button_0_wrapper  et_pb_module\">\n\t\t\t\t<a class=\"et_pb_button et_pb_button_one et_pb_bg_layout_light dsm-none \"  href=https:\/\/sudburymeals.org\/wp-content\/uploads\/2025\/11\/Volunteerbrochure.pdf target=\"_blank\" data-dsm-lightbox-id=\"dsm_button_one_lightbox dsm_button_0\"><span>D\u00e9pliant sur le b\u00e9n\u00e9volat (EN)<\/span><\/a><a class=\"et_pb_button et_pb_button_two et_pb_bg_layout_light dsm-none \"  href=https:\/\/sudburymeals.org\/wp-content\/uploads\/2025\/11\/Volunteer-Booklet.pdf target=\"_blank\" data-dsm-lightbox-id=\"dsm_button_two_lightbox dsm_button_0\"><span>Livret des b\u00e9n\u00e9voles (EN)<\/span><\/a>\n\t\t\t<\/div>\n\t\t\t\t<\/div>\n\t\t\t<\/div>Popote roulante (Sudbury) est un organisme communautaire qui a recours \u00e0 l\u2019action b\u00e9n\u00e9vole pour assurer la livraison de repas nutritifs et la prestation de services connexes. Tous les repas sont livr\u00e9s dans la communaut\u00e9 par des b\u00e9n\u00e9voles d\u00e9vou\u00e9s. Nos b\u00e9n\u00e9voles prennent plaisir \u00e0 apporter des repas nourrissants chauds aux clients et \u00e0 \u00e9gayer leur journ\u00e9e. <div class=\"et_pb_module dsm_masonry_gallery dsm_masonry_gallery_0\">\n\t\t\t\t\n\t\t\t\t\n\t\t\t\t\n\t\t\t\t\n\t\t\t\t\n\t\t\t\t\n\t\t\t\t<div class=\"et_pb_module_inner\">\n\t\t\t\t\t<div class=\"dsm-gallery grid dsm_masonry_zoom_hover\" data-lightbox=\"true\" data-horizontalorder=\"true\">\n                <div class=\"grid-sizer\"><\/div><div class=\"gutter-sizer\"><\/div><div class=\"grid-item\">\n                    <a href=\"https:\/\/sudburymeals.org\/wp-content\/uploads\/2024\/08\/MoW-Volunteers-6.jpg\"  data-title='MoW Volunteers'  data-caption='' data-mfp-src=\"https:\/\/sudburymeals.org\/wp-content\/uploads\/2024\/08\/MoW-Volunteers-6.jpg\">\n                        <div class=\"et_pb_image_wrap\">\n                            <img loading=\"lazy\" decoding=\"async\" src=\"https:\/\/sudburymeals.org\/wp-content\/uploads\/2024\/08\/MoW-Volunteers-6.jpg\" title=\"MoW Volunteers\" alt=\"\" class=\"\" srcset=\"https:\/\/sudburymeals.org\/wp-content\/uploads\/2024\/08\/MoW-Volunteers-6.jpg 907w, https:\/\/sudburymeals.org\/wp-content\/uploads\/2024\/08\/MoW-Volunteers-6-480x854.jpg 480w\" sizes=\"(min-width: 0px) and (max-width: 480px) 480px, (min-width: 481px) 907px, 100vw\" width=\"907\" height=\"1613\" \/>\n                            \n                        <\/div>\n                    <\/a>\n                <\/div><div class=\"grid-item\">\n                    <a href=\"https:\/\/sudburymeals.org\/wp-content\/uploads\/2024\/08\/MoW-Voluneers-7.jpg\"  data-title='MoW Volunteers'  data-caption='' data-mfp-src=\"https:\/\/sudburymeals.org\/wp-content\/uploads\/2024\/08\/MoW-Voluneers-7.jpg\">\n                        <div class=\"et_pb_image_wrap\">\n                            <img loading=\"lazy\" decoding=\"async\" src=\"https:\/\/sudburymeals.org\/wp-content\/uploads\/2024\/08\/MoW-Voluneers-7.jpg\" title=\"MoW Volunteers\" alt=\"\" class=\"\" srcset=\"https:\/\/sudburymeals.org\/wp-content\/uploads\/2024\/08\/MoW-Voluneers-7.jpg 907w, https:\/\/sudburymeals.org\/wp-content\/uploads\/2024\/08\/MoW-Voluneers-7-480x650.jpg 480w\" sizes=\"(min-width: 0px) and (max-width: 480px) 480px, (min-width: 481px) 907px, 100vw\" width=\"907\" height=\"1228\" \/>\n                            \n                        <\/div>\n                    <\/a>\n                <\/div><div class=\"grid-item\">\n                    <a href=\"https:\/\/sudburymeals.org\/wp-content\/uploads\/2024\/08\/MoW-Volunteers-5.jpg\"  data-title='MoW Volunteers'  data-caption='' data-mfp-src=\"https:\/\/sudburymeals.org\/wp-content\/uploads\/2024\/08\/MoW-Volunteers-5.jpg\">\n                        <div class=\"et_pb_image_wrap\">\n                            <img loading=\"lazy\" decoding=\"async\" src=\"https:\/\/sudburymeals.org\/wp-content\/uploads\/2024\/08\/MoW-Volunteers-5.jpg\" title=\"MoW Volunteers\" alt=\"\" class=\"\" srcset=\"https:\/\/sudburymeals.org\/wp-content\/uploads\/2024\/08\/MoW-Volunteers-5.jpg 907w, https:\/\/sudburymeals.org\/wp-content\/uploads\/2024\/08\/MoW-Volunteers-5-480x854.jpg 480w\" sizes=\"(min-width: 0px) and (max-width: 480px) 480px, (min-width: 481px) 907px, 100vw\" width=\"907\" height=\"1613\" \/>\n                            \n                        <\/div>\n                    <\/a>\n                <\/div><div class=\"grid-item\">\n                    <a href=\"https:\/\/sudburymeals.org\/wp-content\/uploads\/2024\/07\/MoW-Volunteers-1.jpg\"  data-title='Volunteers'  data-caption='' data-mfp-src=\"https:\/\/sudburymeals.org\/wp-content\/uploads\/2024\/07\/MoW-Volunteers-1.jpg\">\n                        <div class=\"et_pb_image_wrap\">\n                            <img loading=\"lazy\" decoding=\"async\" src=\"https:\/\/sudburymeals.org\/wp-content\/uploads\/2024\/07\/MoW-Volunteers-1.jpg\" title=\"Volunteers\" alt=\"\" class=\"\" srcset=\"https:\/\/sudburymeals.org\/wp-content\/uploads\/2024\/07\/MoW-Volunteers-1.jpg 1134w, https:\/\/sudburymeals.org\/wp-content\/uploads\/2024\/07\/MoW-Volunteers-1-980x962.jpg 980w, https:\/\/sudburymeals.org\/wp-content\/uploads\/2024\/07\/MoW-Volunteers-1-480x471.jpg 480w\" sizes=\"(min-width: 0px) and (max-width: 480px) 480px, (min-width: 481px) and (max-width: 980px) 980px, (min-width: 981px) 1134px, 100vw\" width=\"1134\" height=\"1113\" \/>\n                            \n                        <\/div>\n                    <\/a>\n                <\/div><div class=\"grid-item\">\n                    <a href=\"https:\/\/sudburymeals.org\/wp-content\/uploads\/2024\/08\/MoW-Volunteers-4-1.jpg\"  data-title='MoW Volunteers'  data-caption='' data-mfp-src=\"https:\/\/sudburymeals.org\/wp-content\/uploads\/2024\/08\/MoW-Volunteers-4-1.jpg\">\n                        <div class=\"et_pb_image_wrap\">\n                            <img loading=\"lazy\" decoding=\"async\" src=\"https:\/\/sudburymeals.org\/wp-content\/uploads\/2024\/08\/MoW-Volunteers-4-1.jpg\" title=\"MoW Volunteers\" alt=\"\" class=\"\" srcset=\"https:\/\/sudburymeals.org\/wp-content\/uploads\/2024\/08\/MoW-Volunteers-4-1.jpg 907w, https:\/\/sudburymeals.org\/wp-content\/uploads\/2024\/08\/MoW-Volunteers-4-1-480x674.jpg 480w\" sizes=\"(min-width: 0px) and (max-width: 480px) 480px, (min-width: 481px) 907px, 100vw\" width=\"907\" height=\"1274\" \/>\n                            \n                        <\/div>\n                    <\/a>\n                <\/div><div class=\"grid-item\">\n                    <a href=\"https:\/\/sudburymeals.org\/wp-content\/uploads\/2024\/07\/MoW-History-1-e1721664329717.jpg\"  data-title='MoW History'  data-caption='' data-mfp-src=\"https:\/\/sudburymeals.org\/wp-content\/uploads\/2024\/07\/MoW-History-1-e1721664329717.jpg\">\n                        <div class=\"et_pb_image_wrap\">\n                            <img loading=\"lazy\" decoding=\"async\" src=\"https:\/\/sudburymeals.org\/wp-content\/uploads\/2024\/07\/MoW-History-1-e1721664329717.jpg\" title=\"MoW History\" alt=\"\" class=\"\" srcset=\"https:\/\/sudburymeals.org\/wp-content\/uploads\/2024\/07\/MoW-History-1-e1721664329717-822x551.jpg 822w, https:\/\/sudburymeals.org\/wp-content\/uploads\/2024\/07\/MoW-History-1-e1721664329717-480x270.jpg 480w\" sizes=\"(min-width: 0px) and (max-width: 480px) 480px, (min-width: 481px) and (max-width: 822px) 822px, 100vw\" width=\"822\" height=\"560\" \/>\n                            \n                        <\/div>\n                    <\/a>\n                <\/div>\n             <\/div>\n\t\t\t\t<\/div>\n\t\t\t<\/div><div class=\"et_pb_module dsm_card dsm_card_0 et_pb_bg_layout_light  dsm_card_layout_stacked\">\n\t\t\t\t\n\t\t\t\t\n\t\t\t\t\n\t\t\t\t\n\t\t\t\t\n\t\t\t\t\n\t\t\t\t<div class=\"et_pb_module_inner\">\n\t\t\t\t\t\n\t\t\t\n\t\t\t\n\t\t\t<div class=\"et_pb_module dsm_card_wrapper et_pb_text_align_left\">\n\t\t\t\t\t\n\t\t\t\t\t<h3 class=\"dsm_card_title et_pb_module_header\">Postes de b\u00e9n\u00e9volat<\/h3>\n\t\t\t\t\t\n\t\t\t\t\t<div class=\"dsm_card_description\">Popote roulante (Sudbury) offre divers postes de b\u00e9n\u00e9volat, dont les suivants : Conducteur-livreur ou conductrice-livreuse Aide au conducteur-livreur ou \u00e0 la conductrice-livreuse B\u00e9n\u00e9vole dans la cuisine B\u00e9n\u00e9vole dans le bureau B\u00e9n\u00e9vole membre du conseil d\u2019administration <\/div>\n\t\t\t\t\t\n\t\t\t\t<\/div>\n\t\t\t\n\t\t\t\t<\/div>\n\t\t\t<\/div><div class=\"et_pb_with_border et_pb_module dsm_card dsm_card_1 et_pb_bg_layout_light  dsm_card_layout_stacked\">\n\t\t\t\t\n\t\t\t\t\n\t\t\t\t\n\t\t\t\t\n\t\t\t\t\n\t\t\t\t\n\t\t\t\t<div class=\"et_pb_module_inner\">\n\t\t\t\t\t\n\t\t\t\n\t\t\t\n\t\t\t<div class=\"et_pb_module dsm_card_wrapper et_pb_text_align_left\">\n\t\t\t\t\t\n\t\t\t\t\t<h3 class=\"dsm_card_title et_pb_module_header\">Exigences<\/h3>\n\t\t\t\t\t\n\t\t\t\t\t\n\t\t\t\t\t\n\t\t\t\t<\/div>\n\t\t\t\n\t\t\t\t<\/div>\n\t\t\t<\/div>Tous les b\u00e9n\u00e9voles de Popote roulante (Sudbury) doivent passer en [&hellip;]<\/p>\n","protected":false},"author":1,"featured_media":0,"parent":0,"menu_order":0,"comment_status":"closed","ping_status":"closed","template":"","meta":{"_et_pb_use_builder":"on","_et_pb_old_content":"","_et_gb_content_width":"","footnotes":""},"class_list":["post-1006","page","type-page","status-publish","hentry"],"_links":{"self":[{"href":"https:\/\/sudburymeals.org\/fr\/wp-json\/wp\/v2\/pages\/1006","targetHints":{"allow":["GET"]}}],"collection":[{"href":"https:\/\/sudburymeals.org\/fr\/wp-json\/wp\/v2\/pages"}],"about":[{"href":"https:\/\/sudburymeals.org\/fr\/wp-json\/wp\/v2\/types\/page"}],"author":[{"embeddable":true,"href":"https:\/\/sudburymeals.org\/fr\/wp-json\/wp\/v2\/users\/1"}],"replies":[{"embeddable":true,"href":"https:\/\/sudburymeals.org\/fr\/wp-json\/wp\/v2\/comments?post=1006"}],"version-history":[{"count":6,"href":"https:\/\/sudburymeals.org\/fr\/wp-json\/wp\/v2\/pages\/1006\/revisions"}],"predecessor-version":[{"id":1343,"href":"https:\/\/sudburymeals.org\/fr\/wp-json\/wp\/v2\/pages\/1006\/revisions\/1343"}],"wp:attachment":[{"href":"https:\/\/sudburymeals.org\/fr\/wp-json\/wp\/v2\/media?parent=1006"}],"curies":[{"name":"wp","href":"https:\/\/api.w.org\/{rel}","templated":true}]}}