{"id":1012,"date":"2024-07-05T13:42:23","date_gmt":"2024-07-05T13:42:23","guid":{"rendered":"https:\/\/www.sudburymeals.org\/qui-nous-sommes\/"},"modified":"2025-12-03T14:05:49","modified_gmt":"2025-12-03T14:05:49","slug":"qui-nous-sommes","status":"publish","type":"page","link":"https:\/\/sudburymeals.org\/fr\/qui-nous-sommes\/","title":{"rendered":"Qui nous sommes"},"content":{"rendered":"<p>[et_pb_section fb_built=\u00a0\u00bb1&Prime; _builder_version=\u00a0\u00bb4.26.0&Prime; _module_preset=\u00a0\u00bbdefault\u00a0\u00bb background_color=\u00a0\u00bb#2A3077&Prime; custom_padding=\u00a0\u00bb40px||40px||true|false\u00a0\u00bb global_colors_info=\u00a0\u00bb{}\u00a0\u00bb][et_pb_row _builder_version=\u00a0\u00bb4.26.0&Prime; _module_preset=\u00a0\u00bbdefault\u00a0\u00bb global_colors_info=\u00a0\u00bb{}\u00a0\u00bb][et_pb_column type=\u00a0\u00bb4_4&Prime; _builder_version=\u00a0\u00bb4.26.0&Prime; _module_preset=\u00a0\u00bbdefault\u00a0\u00bb global_colors_info=\u00a0\u00bb{}\u00a0\u00bb][et_pb_text _builder_version=\u00a0\u00bb4.27.0&Prime; _module_preset=\u00a0\u00bbdefault\u00a0\u00bb header_text_align=\u00a0\u00bbcenter\u00a0\u00bb header_text_color=\u00a0\u00bb#DBC28A\u00a0\u00bb header_font_size=\u00a0\u00bb45px\u00a0\u00bb global_colors_info=\u00a0\u00bb{}\u00a0\u00bb]<\/p>\n<h1>Qui nous sommes<\/h1>\n<p>[\/et_pb_text][\/et_pb_column][\/et_pb_row][\/et_pb_section][et_pb_section fb_built=\u00a0\u00bb1&Prime; _builder_version=\u00a0\u00bb4.26.0&Prime; _module_preset=\u00a0\u00bbdefault\u00a0\u00bb global_colors_info=\u00a0\u00bb{}\u00a0\u00bb][et_pb_row column_structure=\u00a0\u00bb2_3,1_3&Prime; make_equal=\u00a0\u00bbon\u00a0\u00bb custom_padding_last_edited=\u00a0\u00bbon|desktop\u00a0\u00bb _builder_version=\u00a0\u00bb4.27.0&Prime; _module_preset=\u00a0\u00bbdefault\u00a0\u00bb custom_padding=\u00a0\u00bb||10px||false|false\u00a0\u00bb custom_padding_tablet=\u00a0\u00bb||10px||false|false\u00a0\u00bb custom_padding_phone=\u00a0\u00bb||10px||false|false\u00a0\u00bb custom_css_main_element=\u00a0\u00bbalign-items:center;\u00a0\u00bb global_colors_info=\u00a0\u00bb{}\u00a0\u00bb][et_pb_column type=\u00a0\u00bb2_3&Prime; _builder_version=\u00a0\u00bb4.26.0&Prime; _module_preset=\u00a0\u00bbdefault\u00a0\u00bb global_colors_info=\u00a0\u00bb{}\u00a0\u00bb][et_pb_text _builder_version=\u00a0\u00bb4.27.0&Prime; _module_preset=\u00a0\u00bbdefault\u00a0\u00bb locked=\u00a0\u00bboff\u00a0\u00bb global_colors_info=\u00a0\u00bb{}\u00a0\u00bb]<\/p>\n<p>Popote roulante (Sudbury) a \u00e9t\u00e9 fond\u00e9e en 1971 en tant que projet pilote communautaire qui avait pour but de permettre aux gens de vivre de fa\u00e7on autonome chez eux en leur fournissant, tous les jours, des repas chauds et nutritifs. Aujourd\u2019hui, gr\u00e2ce \u00e0 notre service de livraison \u00e0 domicile, nous servons \u00e0 des centaines de r\u00e9sidents d\u2019ici des repas sant\u00e9 et d\u00e9licieux toutes les semaines. <\/p>\n<p>Nous aidons les personnes ayant besoin d\u2019une aide \u00e0 court terme (r\u00e9pit pour le proche aidant, convalescence ou aide saisonni\u00e8re) ou \u00e0 long terme sur le plan de la nutrition. \u00c0 l\u2019heure actuelle, Popote roulante (Sudbury) compte environ 37 b\u00e9n\u00e9voles. En 2023-2024, ces b\u00e9n\u00e9voles ont accumul\u00e9 plus de 8 600 heures et nos conducteurs et conductrices b\u00e9n\u00e9voles ont fait des livraisons sur plus de 116 900 km.  <\/p>\n<p>[\/et_pb_text][\/et_pb_column][et_pb_column type=\u00a0\u00bb1_3&Prime; _builder_version=\u00a0\u00bb4.26.0&Prime; _module_preset=\u00a0\u00bbdefault\u00a0\u00bb global_colors_info=\u00a0\u00bb{}\u00a0\u00bb][et_pb_image src=\u00a0\u00bbhttps:\/\/sudburymeals.org\/wp-content\/uploads\/2024\/07\/MoW-Volunteers-1.jpg\u00a0\u00bb alt=\u00a0\u00bbDes b\u00e9n\u00e9voles chargent la voiture\u00a0\u00bb _builder_version=\u00a0\u00bb4.27.0&Prime; _module_preset=\u00a0\u00bbdefault\u00a0\u00bb global_colors_info=\u00a0\u00bb{}\u00a0\u00bb][\/et_pb_image][\/et_pb_column][\/et_pb_row][\/et_pb_section][et_pb_section fb_built=\u00a0\u00bb1&Prime; _builder_version=\u00a0\u00bb4.27.0&Prime; _module_preset=\u00a0\u00bbdefault\u00a0\u00bb background_color=\u00a0\u00bb#F8FCF8&Prime; global_colors_info=\u00a0\u00bb{}\u00a0\u00bb][et_pb_row _builder_version=\u00a0\u00bb4.27.0&Prime; _module_preset=\u00a0\u00bbdefault\u00a0\u00bb custom_padding=\u00a0\u00bb||5px||false|false\u00a0\u00bb global_colors_info=\u00a0\u00bb{}\u00a0\u00bb][et_pb_column type=\u00a0\u00bb4_4&Prime; _builder_version=\u00a0\u00bb4.27.0&Prime; _module_preset=\u00a0\u00bbdefault\u00a0\u00bb global_colors_info=\u00a0\u00bb{}\u00a0\u00bb][et_pb_text _builder_version=\u00a0\u00bb4.27.0&Prime; _module_preset=\u00a0\u00bbdefault\u00a0\u00bb header_text_align=\u00a0\u00bbcenter\u00a0\u00bb header_2_text_align=\u00a0\u00bbcenter\u00a0\u00bb header_2_font_size=\u00a0\u00bb28px\u00a0\u00bb locked=\u00a0\u00bboff\u00a0\u00bb global_colors_info=\u00a0\u00bb{}\u00a0\u00bb]<\/p>\n<h2>Notre historique<\/h2>\n<p>[\/et_pb_text][et_pb_text _builder_version=\u00a0\u00bb4.27.0&Prime; _module_preset=\u00a0\u00bbdefault\u00a0\u00bb locked=\u00a0\u00bboff\u00a0\u00bb global_colors_info=\u00a0\u00bb{}\u00a0\u00bb]<\/p>\n<p>En novembre 1971, dans une petite pi\u00e8ce situ\u00e9e au sous-sol d\u2019un \u00e9difice du centre-ville (rue Larch), un projet de 3 mois a vu le jour. Cinq r\u00e9sidents de Sudbury ont \u00e9t\u00e9 choisis pour recevoir, directement \u00e0 leur porte, des repas \u00e0 1 $ chacun, livr\u00e9s par un b\u00e9n\u00e9vole.  <\/p>\n<p>[\/et_pb_text][\/et_pb_column][\/et_pb_row][et_pb_row column_structure=\u00a0\u00bb2_3,1_3&Prime; _builder_version=\u00a0\u00bb4.27.0&Prime; _module_preset=\u00a0\u00bbdefault\u00a0\u00bb custom_padding=\u00a0\u00bb15px||||false|false\u00a0\u00bb global_colors_info=\u00a0\u00bb{}\u00a0\u00bb][et_pb_column type=\u00a0\u00bb2_3&Prime; _builder_version=\u00a0\u00bb4.27.0&Prime; _module_preset=\u00a0\u00bbdefault\u00a0\u00bb global_colors_info=\u00a0\u00bb{}\u00a0\u00bb][et_pb_text _builder_version=\u00a0\u00bb4.27.0&Prime; _module_preset=\u00a0\u00bbdefault\u00a0\u00bb locked=\u00a0\u00bboff\u00a0\u00bb global_colors_info=\u00a0\u00bb{}\u00a0\u00bb]<\/p>\n<p>Les b\u00e9n\u00e9voles fondateurs \u00e9taient convaincus qu\u2019une bonne nutrition \u00e9tait un facteur cl\u00e9 dans le maintien d\u2019un mode de vie sain et autonome.<\/p>\n<p>Cette conviction a contribu\u00e9 au lancement du projet et \u00e0 sa viabilit\u00e9 apr\u00e8s la p\u00e9riode initiale de 3 mois.<\/p>\n<p>Au cours de l\u2019ann\u00e9e inaugurale du projet, 1 038 repas ont \u00e9t\u00e9 livr\u00e9s.<\/p>\n<p>Deux ans plus tard, Popote roulante (Sudbury) est devenu un organisme avec l\u2019\u00e9lection d\u2019un conseil d\u2019administration.<\/p>\n<p>Aujourd\u2019hui, nous comptons tout pr\u00e8s de 600 clients et nos b\u00e9n\u00e9voles d\u00e9vou\u00e9s livrent entre 150 et 180 repas par jour.<\/p>\n<p>En 2023-2024, 37 457 repas chauds et 11 188 repas congel\u00e9s ont \u00e9t\u00e9 servis dans le Grand Sudbury et 116 916 km ont \u00e9t\u00e9 parcourus.<\/p>\n<p>[\/et_pb_text][dsm_masonry_gallery gallery_ids=\u00a0\u00bb503,504,505&Prime; dsm_sort_images=\u00a0\u00bboff\u00a0\u00bb columns=\u00a0\u00bb2&Prime; use_horizontal_order=\u00a0\u00bboff\u00a0\u00bb _builder_version=\u00a0\u00bb4.27.0&Prime; _module_preset=\u00a0\u00bbdefault\u00a0\u00bb global_colors_info=\u00a0\u00bb{}\u00a0\u00bb][\/dsm_masonry_gallery][\/et_pb_column][et_pb_column type=\u00a0\u00bb1_3&Prime; _builder_version=\u00a0\u00bb4.27.0&Prime; _module_preset=\u00a0\u00bbdefault\u00a0\u00bb global_colors_info=\u00a0\u00bb{}\u00a0\u00bb][et_pb_image src=\u00a0\u00bbhttps:\/\/sudburymeals.org\/wp-content\/uploads\/2024\/07\/Newspaper-Article.jpg\u00a0\u00bb alt=\u00a0\u00bbArticle de journal &#8211; La popote roulante en tant que projet pilote\u00a0\u00bb _builder_version=\u00a0\u00bb4.27.0&Prime; _module_preset=\u00a0\u00bbdefault\u00a0\u00bb global_colors_info=\u00a0\u00bb{}\u00a0\u00bb][\/et_pb_image][\/et_pb_column][\/et_pb_row][\/et_pb_section][et_pb_section fb_built=\u00a0\u00bb1&Prime; _builder_version=\u00a0\u00bb4.27.0&Prime; _module_preset=\u00a0\u00bbdefault\u00a0\u00bb global_colors_info=\u00a0\u00bb{}\u00a0\u00bb][et_pb_row column_structure=\u00a0\u00bb1_2,1_2&Prime; _builder_version=\u00a0\u00bb4.27.0&Prime; _module_preset=\u00a0\u00bbdefault\u00a0\u00bb global_colors_info=\u00a0\u00bb{}\u00a0\u00bb][et_pb_column type=\u00a0\u00bb1_2&Prime; _builder_version=\u00a0\u00bb4.27.0&Prime; _module_preset=\u00a0\u00bbdefault\u00a0\u00bb global_colors_info=\u00a0\u00bb{}\u00a0\u00bb][dsm_card title=\u00a0\u00bbNotre mission\u00a0\u00bb image_as_background=\u00a0\u00bboff\u00a0\u00bb image_alignment=\u00a0\u00bbcenter\u00a0\u00bb button_url_new_window=\u00a0\u00bb1&Prime; icon_content_font_size_tablet=\u00a0\u00bb60px\u00a0\u00bb icon_content_font_size_phone=\u00a0\u00bb60px\u00a0\u00bb icon_content_font_size_last_edited=\u00a0\u00bbon|desktop\u00a0\u00bb _builder_version=\u00a0\u00bb4.27.4&Prime; _module_preset=\u00a0\u00bbdefault\u00a0\u00bb header_level=\u00a0\u00bbh3&Prime; header_text_align=\u00a0\u00bbcenter\u00a0\u00bb header_text_color=\u00a0\u00bb#2A3077&Prime; header_font_size=\u00a0\u00bb25px\u00a0\u00bb subhead_font=\u00a0\u00bb|600||on|||||\u00a0\u00bb subhead_text_align=\u00a0\u00bbcenter\u00a0\u00bb subhead_text_color=\u00a0\u00bb#1A1E4A\u00a0\u00bb module_alignment=\u00a0\u00bbcenter\u00a0\u00bb custom_css_free_form=\u00a0\u00bbselector .dsm_card_description{||  margin-top:15px !important;||}||\u00a0\u00bb locked=\u00a0\u00bboff\u00a0\u00bb global_colors_info=\u00a0\u00bb{}\u00a0\u00bb]<\/p>\n<p style=\"text-align: center;\">\u00catre le principal fournisseur sans but lucratif de repas dans le Nord de l\u2019Ontario, livrant des aliments nutritifs avec soin.<\/p>\n<p>[\/dsm_card][\/et_pb_column][et_pb_column type=\u00a0\u00bb1_2&Prime; _builder_version=\u00a0\u00bb4.27.0&Prime; _module_preset=\u00a0\u00bbdefault\u00a0\u00bb global_colors_info=\u00a0\u00bb{}\u00a0\u00bb][dsm_card title=\u00a0\u00bbNotre vision\u00a0\u00bb image_as_background=\u00a0\u00bboff\u00a0\u00bb image_alignment=\u00a0\u00bbcenter\u00a0\u00bb button_url_new_window=\u00a0\u00bb1&Prime; icon_content_font_size_tablet=\u00a0\u00bb60px\u00a0\u00bb icon_content_font_size_phone=\u00a0\u00bb60px\u00a0\u00bb icon_content_font_size_last_edited=\u00a0\u00bbon|desktop\u00a0\u00bb _builder_version=\u00a0\u00bb4.27.4&Prime; _module_preset=\u00a0\u00bbdefault\u00a0\u00bb header_level=\u00a0\u00bbh3&Prime; header_text_align=\u00a0\u00bbcenter\u00a0\u00bb header_text_color=\u00a0\u00bb#2A3077&Prime; header_font_size=\u00a0\u00bb25px\u00a0\u00bb subhead_font=\u00a0\u00bb|600||on|||||\u00a0\u00bb subhead_text_align=\u00a0\u00bbcenter\u00a0\u00bb subhead_text_color=\u00a0\u00bb#1A1E4A\u00a0\u00bb module_alignment=\u00a0\u00bbcenter\u00a0\u00bb custom_css_free_form=\u00a0\u00bbselector .dsm_card_description{||  margin-top:15px !important;||}||\u00a0\u00bb locked=\u00a0\u00bboff\u00a0\u00bb global_colors_info=\u00a0\u00bb{}\u00a0\u00bb]<\/p>\n<p style=\"text-align: center;\">L&rsquo;offre d&rsquo;options de repas nutritifs, quand et o\u00f9 vous en avez besoin.<\/p>\n<p>[\/dsm_card][\/et_pb_column][\/et_pb_row][\/et_pb_section][et_pb_section fb_built=\u00a0\u00bb1&Prime; _builder_version=\u00a0\u00bb4.26.0&Prime; _module_preset=\u00a0\u00bbdefault\u00a0\u00bb background_color=\u00a0\u00bb#F7FAFC\u00a0\u00bb global_colors_info=\u00a0\u00bb{}\u00a0\u00bb][et_pb_row _builder_version=\u00a0\u00bb4.27.0&Prime; _module_preset=\u00a0\u00bbdefault\u00a0\u00bb locked=\u00a0\u00bboff\u00a0\u00bb global_colors_info=\u00a0\u00bb{}\u00a0\u00bb][et_pb_column type=\u00a0\u00bb4_4&Prime; _builder_version=\u00a0\u00bb4.27.0&Prime; _module_preset=\u00a0\u00bbdefault\u00a0\u00bb global_colors_info=\u00a0\u00bb{}\u00a0\u00bb][et_pb_text _builder_version=\u00a0\u00bb4.27.0&Prime; _module_preset=\u00a0\u00bbdefault\u00a0\u00bb header_text_align=\u00a0\u00bbcenter\u00a0\u00bb header_2_text_align=\u00a0\u00bbcenter\u00a0\u00bb header_2_font_size=\u00a0\u00bb28px\u00a0\u00bb locked=\u00a0\u00bboff\u00a0\u00bb global_colors_info=\u00a0\u00bb{}\u00a0\u00bb]<\/p>\n<h2>Nos valeurs<\/h2>\n<p>[\/et_pb_text][\/et_pb_column][\/et_pb_row][et_pb_row column_structure=\u00a0\u00bb1_4,1_4,1_4,1_4&Prime; use_custom_gutter=\u00a0\u00bbon\u00a0\u00bb gutter_width=\u00a0\u00bb2&Prime; _builder_version=\u00a0\u00bb4.27.0&Prime; _module_preset=\u00a0\u00bbdefault\u00a0\u00bb locked=\u00a0\u00bboff\u00a0\u00bb global_colors_info=\u00a0\u00bb{}\u00a0\u00bb][et_pb_column type=\u00a0\u00bb1_4&Prime; _builder_version=\u00a0\u00bb4.26.0&Prime; _module_preset=\u00a0\u00bbdefault\u00a0\u00bb global_colors_info=\u00a0\u00bb{}\u00a0\u00bb][dsm_card title=\u00a0\u00bbEmpathie\u00a0\u00bb image=\u00a0\u00bbhttps:\/\/sudburymeals.org\/wp-content\/uploads\/2024\/07\/collaboration.svg\u00a0\u00bb image_as_background=\u00a0\u00bboff\u00a0\u00bb image_width=\u00a0\u00bb80px\u00a0\u00bb image_alignment=\u00a0\u00bbcenter\u00a0\u00bb alt=\u00a0\u00bbCollaboration\u00a0\u00bb button_url_new_window=\u00a0\u00bb1&Prime; icon_content_font_size_tablet=\u00a0\u00bb60px\u00a0\u00bb icon_content_font_size_phone=\u00a0\u00bb60px\u00a0\u00bb icon_content_font_size_last_edited=\u00a0\u00bbon|desktop\u00a0\u00bb _builder_version=\u00a0\u00bb4.27.4&Prime; _module_preset=\u00a0\u00bbdefault\u00a0\u00bb header_level=\u00a0\u00bbh3&Prime; header_text_align=\u00a0\u00bbcenter\u00a0\u00bb header_text_color=\u00a0\u00bb#457A2F\u00a0\u00bb subhead_font=\u00a0\u00bb|600||on|||||\u00a0\u00bb subhead_text_align=\u00a0\u00bbcenter\u00a0\u00bb subhead_text_color=\u00a0\u00bb#1A1E4A\u00a0\u00bb module_alignment=\u00a0\u00bbcenter\u00a0\u00bb custom_css_free_form=\u00a0\u00bbselector .dsm_card_description{||  margin-top:15px !important;||}||\u00a0\u00bb global_colors_info=\u00a0\u00bb{}\u00a0\u00bb][\/dsm_card][\/et_pb_column][et_pb_column type=\u00a0\u00bb1_4&Prime; _builder_version=\u00a0\u00bb4.26.0&Prime; _module_preset=\u00a0\u00bbdefault\u00a0\u00bb global_colors_info=\u00a0\u00bb{}\u00a0\u00bb][dsm_card title=\u00a0\u00bbCollaboration\u00a0\u00bb image=\u00a0\u00bbhttps:\/\/sudburymeals.org\/wp-content\/uploads\/2024\/07\/people.svg\u00a0\u00bb image_as_background=\u00a0\u00bboff\u00a0\u00bb image_width=\u00a0\u00bb80px\u00a0\u00bb image_alignment=\u00a0\u00bbcenter\u00a0\u00bb alt=\u00a0\u00bbPersonnes\u00a0\u00bb button_url_new_window=\u00a0\u00bb1&Prime; icon_content_font_size_tablet=\u00a0\u00bb60px\u00a0\u00bb icon_content_font_size_phone=\u00a0\u00bb60px\u00a0\u00bb icon_content_font_size_last_edited=\u00a0\u00bbon|desktop\u00a0\u00bb _builder_version=\u00a0\u00bb4.27.4&Prime; _module_preset=\u00a0\u00bbdefault\u00a0\u00bb header_level=\u00a0\u00bbh3&Prime; header_text_align=\u00a0\u00bbcenter\u00a0\u00bb header_text_color=\u00a0\u00bb#457A2F\u00a0\u00bb subhead_font=\u00a0\u00bb|600||on|||||\u00a0\u00bb subhead_text_align=\u00a0\u00bbcenter\u00a0\u00bb subhead_text_color=\u00a0\u00bb#1A1E4A\u00a0\u00bb module_alignment=\u00a0\u00bbcenter\u00a0\u00bb hover_enabled=\u00a0\u00bb0&Prime; custom_css_free_form=\u00a0\u00bbselector .dsm_card_description{||  margin-top:15px !important;||}||\u00a0\u00bb global_colors_info=\u00a0\u00bb{}\u00a0\u00bb sticky_enabled=\u00a0\u00bb0&Prime;][\/dsm_card][\/et_pb_column][et_pb_column type=\u00a0\u00bb1_4&Prime; _builder_version=\u00a0\u00bb4.26.0&Prime; _module_preset=\u00a0\u00bbdefault\u00a0\u00bb global_colors_info=\u00a0\u00bb{}\u00a0\u00bb][dsm_card title=\u00a0\u00bbTransparence\u00a0\u00bb image=\u00a0\u00bbhttps:\/\/sudburymeals.org\/wp-content\/uploads\/2024\/07\/wellness.svg\u00a0\u00bb image_as_background=\u00a0\u00bboff\u00a0\u00bb image_width=\u00a0\u00bb80px\u00a0\u00bb image_alignment=\u00a0\u00bbcenter\u00a0\u00bb alt=\u00a0\u00bbMieux-\u00eatre\u00a0\u00bb button_url_new_window=\u00a0\u00bb1&Prime; icon_content_font_size_tablet=\u00a0\u00bb60px\u00a0\u00bb icon_content_font_size_phone=\u00a0\u00bb60px\u00a0\u00bb icon_content_font_size_last_edited=\u00a0\u00bbon|desktop\u00a0\u00bb _builder_version=\u00a0\u00bb4.27.4&Prime; _module_preset=\u00a0\u00bbdefault\u00a0\u00bb header_level=\u00a0\u00bbh3&Prime; header_text_align=\u00a0\u00bbcenter\u00a0\u00bb header_text_color=\u00a0\u00bb#457A2F\u00a0\u00bb subhead_font=\u00a0\u00bb|600||on|||||\u00a0\u00bb subhead_text_align=\u00a0\u00bbcenter\u00a0\u00bb subhead_text_color=\u00a0\u00bb#1A1E4A\u00a0\u00bb module_alignment=\u00a0\u00bbcenter\u00a0\u00bb custom_css_free_form=\u00a0\u00bbselector .dsm_card_description{||  margin-top:15px !important;||}||\u00a0\u00bb global_colors_info=\u00a0\u00bb{}\u00a0\u00bb][\/dsm_card][\/et_pb_column][et_pb_column type=\u00a0\u00bb1_4&Prime; _builder_version=\u00a0\u00bb4.26.0&Prime; _module_preset=\u00a0\u00bbdefault\u00a0\u00bb global_colors_info=\u00a0\u00bb{}\u00a0\u00bb][dsm_card title=\u00a0\u00bbResponsabilisation\u00a0\u00bb image=\u00a0\u00bbhttps:\/\/sudburymeals.org\/wp-content\/uploads\/2024\/07\/sustainability.svg\u00a0\u00bb image_as_background=\u00a0\u00bboff\u00a0\u00bb image_width=\u00a0\u00bb80px\u00a0\u00bb image_alignment=\u00a0\u00bbcenter\u00a0\u00bb alt=\u00a0\u00bbViabilit\u00e9\u00a0\u00bb button_url_new_window=\u00a0\u00bb1&Prime; icon_content_font_size_tablet=\u00a0\u00bb60px\u00a0\u00bb icon_content_font_size_phone=\u00a0\u00bb60px\u00a0\u00bb icon_content_font_size_last_edited=\u00a0\u00bbon|desktop\u00a0\u00bb _builder_version=\u00a0\u00bb4.27.4&Prime; _module_preset=\u00a0\u00bbdefault\u00a0\u00bb header_level=\u00a0\u00bbh3&Prime; header_text_align=\u00a0\u00bbcenter\u00a0\u00bb header_text_color=\u00a0\u00bb#457A2F\u00a0\u00bb subhead_font=\u00a0\u00bb|600||on|||||\u00a0\u00bb subhead_text_align=\u00a0\u00bbcenter\u00a0\u00bb subhead_text_color=\u00a0\u00bb#1A1E4A\u00a0\u00bb module_alignment=\u00a0\u00bbcenter\u00a0\u00bb custom_css_free_form=\u00a0\u00bbselector .dsm_card_description{||  margin-top:15px !important;||}||\u00a0\u00bb global_colors_info=\u00a0\u00bb{}\u00a0\u00bb][\/dsm_card][\/et_pb_column][\/et_pb_row][\/et_pb_section]<\/p>\n","protected":false},"excerpt":{"rendered":"<p>Qui nous sommesPopote roulante (Sudbury) a \u00e9t\u00e9 fond\u00e9e en 1971 en tant que projet pilote communautaire qui avait pour but de permettre aux gens de vivre de fa\u00e7on autonome chez eux en leur fournissant, tous les jours, des repas chauds et nutritifs. Aujourd\u2019hui, gr\u00e2ce \u00e0 notre service de livraison \u00e0 domicile, nous servons \u00e0 des centaines de r\u00e9sidents d\u2019ici des repas sant\u00e9 et d\u00e9licieux toutes les semaines. Nous aidons les personnes ayant besoin d\u2019une aide \u00e0 court terme (r\u00e9pit pour le proche aidant, convalescence ou aide saisonni\u00e8re) ou \u00e0 long terme sur le plan de la nutrition. \u00c0 l\u2019heure actuelle, Popote roulante (Sudbury) compte environ 37 b\u00e9n\u00e9voles. En 2023-2024, ces b\u00e9n\u00e9voles ont accumul\u00e9 plus de 8 600 heures et nos conducteurs et conductrices b\u00e9n\u00e9voles ont fait des livraisons sur plus de 116 900 km. Notre historiqueEn novembre 1971, dans une petite pi\u00e8ce situ\u00e9e au sous-sol d\u2019un \u00e9difice du centre-ville (rue Larch), un projet de 3 mois a vu le jour. Cinq r\u00e9sidents de Sudbury ont \u00e9t\u00e9 choisis pour recevoir, directement \u00e0 leur porte, des repas \u00e0 1 $ chacun, livr\u00e9s par un b\u00e9n\u00e9vole. Les b\u00e9n\u00e9voles fondateurs \u00e9taient convaincus qu\u2019une bonne nutrition \u00e9tait un facteur cl\u00e9 dans le maintien d\u2019un mode [&hellip;]<\/p>\n","protected":false},"author":1,"featured_media":0,"parent":0,"menu_order":0,"comment_status":"closed","ping_status":"closed","template":"","meta":{"_et_pb_use_builder":"on","_et_pb_old_content":"","_et_gb_content_width":"","footnotes":""},"class_list":["post-1012","page","type-page","status-publish","hentry"],"_links":{"self":[{"href":"https:\/\/sudburymeals.org\/fr\/wp-json\/wp\/v2\/pages\/1012","targetHints":{"allow":["GET"]}}],"collection":[{"href":"https:\/\/sudburymeals.org\/fr\/wp-json\/wp\/v2\/pages"}],"about":[{"href":"https:\/\/sudburymeals.org\/fr\/wp-json\/wp\/v2\/types\/page"}],"author":[{"embeddable":true,"href":"https:\/\/sudburymeals.org\/fr\/wp-json\/wp\/v2\/users\/1"}],"replies":[{"embeddable":true,"href":"https:\/\/sudburymeals.org\/fr\/wp-json\/wp\/v2\/comments?post=1012"}],"version-history":[{"count":4,"href":"https:\/\/sudburymeals.org\/fr\/wp-json\/wp\/v2\/pages\/1012\/revisions"}],"predecessor-version":[{"id":1375,"href":"https:\/\/sudburymeals.org\/fr\/wp-json\/wp\/v2\/pages\/1012\/revisions\/1375"}],"wp:attachment":[{"href":"https:\/\/sudburymeals.org\/fr\/wp-json\/wp\/v2\/media?parent=1012"}],"curies":[{"name":"wp","href":"https:\/\/api.w.org\/{rel}","templated":true}]}}