{"id":949,"date":"2024-07-05T14:03:48","date_gmt":"2024-07-05T14:03:48","guid":{"rendered":"https:\/\/www.sudburymeals.org\/histoires-de-clientes\/"},"modified":"2024-12-16T15:07:58","modified_gmt":"2024-12-16T15:07:58","slug":"histoires-de-clientes","status":"publish","type":"page","link":"https:\/\/sudburymeals.org\/fr\/histoires-de-clientes\/","title":{"rendered":"Histoires de client(e)s"},"content":{"rendered":"<p>[et_pb_section fb_built=\u00a0\u00bb1&Prime; _builder_version=\u00a0\u00bb4.26.0&Prime; _module_preset=\u00a0\u00bbdefault\u00a0\u00bb background_color=\u00a0\u00bb#2A3077&Prime; custom_padding=\u00a0\u00bb40px||40px||true|false\u00a0\u00bb global_colors_info=\u00a0\u00bb{}\u00a0\u00bb theme_builder_area=\u00a0\u00bbpost_content\u00a0\u00bb][et_pb_row _builder_version=\u00a0\u00bb4.26.0&Prime; _module_preset=\u00a0\u00bbdefault\u00a0\u00bb global_colors_info=\u00a0\u00bb{}\u00a0\u00bb theme_builder_area=\u00a0\u00bbpost_content\u00a0\u00bb][et_pb_column type=\u00a0\u00bb4_4&Prime; _builder_version=\u00a0\u00bb4.26.0&Prime; _module_preset=\u00a0\u00bbdefault\u00a0\u00bb global_colors_info=\u00a0\u00bb{}\u00a0\u00bb theme_builder_area=\u00a0\u00bbpost_content\u00a0\u00bb][et_pb_text _builder_version=\u00a0\u00bb4.27.0&Prime; _module_preset=\u00a0\u00bbdefault\u00a0\u00bb header_text_align=\u00a0\u00bbcenter\u00a0\u00bb header_text_color=\u00a0\u00bb#DBC28A\u00a0\u00bb header_font_size=\u00a0\u00bb45px\u00a0\u00bb hover_enabled=\u00a0\u00bb0&Prime; global_colors_info=\u00a0\u00bb{}\u00a0\u00bb theme_builder_area=\u00a0\u00bbpost_content\u00a0\u00bb sticky_enabled=\u00a0\u00bb0&Prime;]<\/p>\n<h1>Histoires de client(e)s<\/h1>\n<p>[\/et_pb_text][\/et_pb_column][\/et_pb_row][\/et_pb_section][et_pb_section fb_built=\u00a0\u00bb1&Prime; _builder_version=\u00a0\u00bb4.27.0&Prime; _module_preset=\u00a0\u00bbdefault\u00a0\u00bb hover_enabled=\u00a0\u00bb0&Prime; background_position_tablet=\u00a0\u00bbcenter\u00a0\u00bb global_colors_info=\u00a0\u00bb{}\u00a0\u00bb theme_builder_area=\u00a0\u00bbpost_content\u00a0\u00bb sticky_enabled=\u00a0\u00bb0&Prime; background_enable_color=\u00a0\u00bboff\u00a0\u00bb][et_pb_row column_structure=\u00a0\u00bb1_4,3_4&Prime; make_equal=\u00a0\u00bbon\u00a0\u00bb _builder_version=\u00a0\u00bb4.27.0&Prime; _module_preset=\u00a0\u00bbdefault\u00a0\u00bb custom_padding=\u00a0\u00bb10px||||false|false\u00a0\u00bb hover_enabled=\u00a0\u00bb0&Prime; custom_css_main_element=\u00a0\u00bbalign-items:center;\u00a0\u00bb global_colors_info=\u00a0\u00bb{}\u00a0\u00bb custom_css_main_element_last_edited=\u00a0\u00bbon|tablet\u00a0\u00bb custom_css_main_element_phone=\u00a0\u00bb \u00a0\u00bb theme_builder_area=\u00a0\u00bbpost_content\u00a0\u00bb sticky_enabled=\u00a0\u00bb0&Prime; custom_css_main_element_tablet=\u00a0\u00bbalign-items:center;\u00a0\u00bb][et_pb_column type=\u00a0\u00bb1_4&Prime; _builder_version=\u00a0\u00bb4.26.0&Prime; _module_preset=\u00a0\u00bbdefault\u00a0\u00bb global_colors_info=\u00a0\u00bb{}\u00a0\u00bb theme_builder_area=\u00a0\u00bbpost_content\u00a0\u00bb][et_pb_image src=\u00a0\u00bbhttps:\/\/sudburymeals.org\/wp-content\/uploads\/2024\/07\/Quote-Gold.png\u00a0\u00bb _builder_version=\u00a0\u00bb4.27.0&Prime; _module_preset=\u00a0\u00bbdefault\u00a0\u00bb theme_builder_area=\u00a0\u00bbpost_content\u00a0\u00bb title_text=\u00a0\u00bb\u00ab\u00a0\u00bb hover_enabled=\u00a0\u00bb0&Prime; sticky_enabled=\u00a0\u00bb0&Prime; align=\u00a0\u00bbcenter\u00a0\u00bb][\/et_pb_image][\/et_pb_column][et_pb_column type=\u00a0\u00bb3_4&Prime; _builder_version=\u00a0\u00bb4.26.0&Prime; _module_preset=\u00a0\u00bbdefault\u00a0\u00bb global_colors_info=\u00a0\u00bb{}\u00a0\u00bb theme_builder_area=\u00a0\u00bbpost_content\u00a0\u00bb][et_pb_text quote_border_color=\u00a0\u00bb#DBC28A\u00a0\u00bb _builder_version=\u00a0\u00bb4.27.0&Prime; _module_preset=\u00a0\u00bbdefault\u00a0\u00bb custom_margin=\u00a0\u00bb||0px||false|false\u00a0\u00bb hover_enabled=\u00a0\u00bb0&Prime; locked=\u00a0\u00bboff\u00a0\u00bb global_colors_info=\u00a0\u00bb{}\u00a0\u00bb theme_builder_area=\u00a0\u00bbpost_content\u00a0\u00bb sticky_enabled=\u00a0\u00bb0&Prime;]<\/p>\n<blockquote>\n<p>\u00ab J\u2019ai commenc\u00e9 \u00e0 utiliser le service il y a un an. Au d\u00e9but, je faisais livrer des repas \u00e0 l\u2019occasion seulement pour voir si \u00e7a me convenait. Toutefois, j\u2019ai tellement aim\u00e9 la nourriture que je fais maintenant livrer les repas plus souvent. J\u2019adore Popote roulante, car les repas sont nutritifs et ne contiennent pas tous les ingr\u00e9dients suppl\u00e9mentaires qu\u2019on trouve dans les repas congel\u00e9s vendus \u00e0 l\u2019\u00e9picerie. Mes plats pr\u00e9f\u00e9r\u00e9s sont ceux au poulet; la viande est juteuse et les l\u00e9gumes sont bien cuits. Il y a habituellement assez de nourriture pour le d\u00eener et le souper, ce qui est g\u00e9nial \u00e9tant donn\u00e9 que je ne dois pas cuisiner aussi souvent. J\u2019adore aussi le fait que le personnel et les b\u00e9n\u00e9voles sont toujours pr\u00eats \u00e0 aider et qu\u2019ils adaptent le service \u00e0 mes besoins. Je recommande Popote roulante \u00e0 toutes les personnes qui pourraient b\u00e9n\u00e9ficier de ce service! \u00bb<span style=\"color: #2a3077;\"><em><\/em><\/span><\/p>\n<\/blockquote>\n<p>[\/et_pb_text][et_pb_text quote_border_color=\u00a0\u00bb#DBC28A\u00a0\u00bb _builder_version=\u00a0\u00bb4.27.0&Prime; _module_preset=\u00a0\u00bbdefault\u00a0\u00bb text_font=\u00a0\u00bb||on||||||\u00a0\u00bb text_text_color=\u00a0\u00bb#2A3077&Prime; text_font_size=\u00a0\u00bb16px\u00a0\u00bb text_orientation=\u00a0\u00bbright\u00a0\u00bb hover_enabled=\u00a0\u00bb0&Prime; locked=\u00a0\u00bboff\u00a0\u00bb global_colors_info=\u00a0\u00bb{}\u00a0\u00bb theme_builder_area=\u00a0\u00bbpost_content\u00a0\u00bb sticky_enabled=\u00a0\u00bb0&Prime;]<\/p>\n<p><strong>&#8211; Denise Belanger<\/strong>, cliente de Popote roulante (Sudbury)<\/p>\n<p>[\/et_pb_text][\/et_pb_column][\/et_pb_row][\/et_pb_section][et_pb_section fb_built=\u00a0\u00bb1&Prime; _builder_version=\u00a0\u00bb4.27.0&Prime; _module_preset=\u00a0\u00bbdefault\u00a0\u00bb hover_enabled=\u00a0\u00bb0&Prime; background_position_tablet=\u00a0\u00bbcenter\u00a0\u00bb global_colors_info=\u00a0\u00bb{}\u00a0\u00bb theme_builder_area=\u00a0\u00bbpost_content\u00a0\u00bb sticky_enabled=\u00a0\u00bb0&Prime; background_color=\u00a0\u00bb#F7FAFC\u00a0\u00bb][et_pb_row column_structure=\u00a0\u00bb1_4,3_4&Prime; make_equal=\u00a0\u00bbon\u00a0\u00bb _builder_version=\u00a0\u00bb4.26.0&Prime; _module_preset=\u00a0\u00bbdefault\u00a0\u00bb custom_padding=\u00a0\u00bb10px||||false|false\u00a0\u00bb custom_css_main_element=\u00a0\u00bbalign-items:center;\u00a0\u00bb global_colors_info=\u00a0\u00bb{}\u00a0\u00bb custom_css_main_element_last_edited=\u00a0\u00bbon|phone\u00a0\u00bb custom_css_main_element_tablet=\u00a0\u00bbdisplay:flex;\u00a0\u00bb custom_css_main_element_phone=\u00a0\u00bb \u00a0\u00bb theme_builder_area=\u00a0\u00bbpost_content\u00a0\u00bb][et_pb_column type=\u00a0\u00bb1_4&Prime; _builder_version=\u00a0\u00bb4.26.0&Prime; _module_preset=\u00a0\u00bbdefault\u00a0\u00bb global_colors_info=\u00a0\u00bb{}\u00a0\u00bb theme_builder_area=\u00a0\u00bbpost_content\u00a0\u00bb][et_pb_image src=\u00a0\u00bbhttps:\/\/sudburymeals.org\/wp-content\/uploads\/2024\/07\/Edith-Paradis-e1720487171233.jpg\u00a0\u00bb title_text=\u00a0\u00bbEdith Paradis\u00a0\u00bb align=\u00a0\u00bbcenter\u00a0\u00bb _builder_version=\u00a0\u00bb4.26.0&Prime; _module_preset=\u00a0\u00bbdefault\u00a0\u00bb width_tablet=\u00a0\u00bb\u00a0\u00bb width_phone=\u00a0\u00bb200px\u00a0\u00bb width_last_edited=\u00a0\u00bbon|phone\u00a0\u00bb global_colors_info=\u00a0\u00bb{}\u00a0\u00bb theme_builder_area=\u00a0\u00bbpost_content\u00a0\u00bb][\/et_pb_image][\/et_pb_column][et_pb_column type=\u00a0\u00bb3_4&Prime; _builder_version=\u00a0\u00bb4.26.0&Prime; _module_preset=\u00a0\u00bbdefault\u00a0\u00bb custom_padding=\u00a0\u00bb|||30px|false|false\u00a0\u00bb global_colors_info=\u00a0\u00bb{}\u00a0\u00bb theme_builder_area=\u00a0\u00bbpost_content\u00a0\u00bb][et_pb_text quote_border_color=\u00a0\u00bb#DBC28A\u00a0\u00bb _builder_version=\u00a0\u00bb4.26.0&Prime; _module_preset=\u00a0\u00bbdefault\u00a0\u00bb custom_margin=\u00a0\u00bb||0px||false|false\u00a0\u00bb locked=\u00a0\u00bboff\u00a0\u00bb global_colors_info=\u00a0\u00bb{}\u00a0\u00bb theme_builder_area=\u00a0\u00bbpost_content\u00a0\u00bb]<\/p>\n<blockquote>\n<p>\u00ab Popote roulante (Sudbury) m\u2019aide beaucoup, car \u00e9tant donn\u00e9 que je souffre d\u2019arthrite, je ne peux pas me tenir debout longtemps devant ma cuisini\u00e8re. Je ne suis donc pas capable de pr\u00e9parer mes repas. De plus, j\u2019utilise une marchette pour me d\u00e9placer dans mon appartement et il m\u2019est difficile d\u2019aller \u00e0 l\u2019\u00e9picerie. Gr\u00e2ce \u00e0 ce service, j\u2019ai acc\u00e8s \u00e0 des aliments de qualit\u00e9 chez moi. Je suis tr\u00e8s satisfaite de la qualit\u00e9 de la nourriture, et elle a vraiment bon go\u00fbt. Popote roulante m\u2019encourage \u00e0 manger des repas nutritifs qui me seraient inaccessibles autrement. \u00bb<span style=\"color: #2a3077;\"><em><\/em><\/span><\/p>\n<\/blockquote>\n<p>[\/et_pb_text][et_pb_text quote_border_color=\u00a0\u00bb#DBC28A\u00a0\u00bb _builder_version=\u00a0\u00bb4.26.0&Prime; _module_preset=\u00a0\u00bbdefault\u00a0\u00bb text_font=\u00a0\u00bb||on||||||\u00a0\u00bb text_text_color=\u00a0\u00bb#2A3077&Prime; text_font_size=\u00a0\u00bb16px\u00a0\u00bb text_orientation=\u00a0\u00bbright\u00a0\u00bb locked=\u00a0\u00bboff\u00a0\u00bb global_colors_info=\u00a0\u00bb{}\u00a0\u00bb theme_builder_area=\u00a0\u00bbpost_content\u00a0\u00bb]<\/p>\n<p><strong>&#8211; Edith Paradis<\/strong>, cliente de Popote roulante (Sudbury)<\/p>\n<p>[\/et_pb_text][\/et_pb_column][\/et_pb_row][\/et_pb_section][et_pb_section fb_built=\u00a0\u00bb1&Prime; _builder_version=\u00a0\u00bb4.27.0&Prime; _module_preset=\u00a0\u00bbdefault\u00a0\u00bb hover_enabled=\u00a0\u00bb0&Prime; background_position_tablet=\u00a0\u00bbcenter\u00a0\u00bb global_colors_info=\u00a0\u00bb{}\u00a0\u00bb theme_builder_area=\u00a0\u00bbpost_content\u00a0\u00bb sticky_enabled=\u00a0\u00bb0&Prime; background_enable_color=\u00a0\u00bboff\u00a0\u00bb][et_pb_row column_structure=\u00a0\u00bb1_4,3_4&Prime; make_equal=\u00a0\u00bbon\u00a0\u00bb _builder_version=\u00a0\u00bb4.27.0&Prime; _module_preset=\u00a0\u00bbdefault\u00a0\u00bb custom_padding=\u00a0\u00bb10px||||false|false\u00a0\u00bb hover_enabled=\u00a0\u00bb0&Prime; custom_css_main_element=\u00a0\u00bbalign-items:center;\u00a0\u00bb global_colors_info=\u00a0\u00bb{}\u00a0\u00bb custom_css_main_element_last_edited=\u00a0\u00bbon|tablet\u00a0\u00bb custom_css_main_element_phone=\u00a0\u00bb \u00a0\u00bb theme_builder_area=\u00a0\u00bbpost_content\u00a0\u00bb sticky_enabled=\u00a0\u00bb0&Prime; custom_css_main_element_tablet=\u00a0\u00bbalign-items:center;\u00a0\u00bb][et_pb_column type=\u00a0\u00bb1_4&Prime; _builder_version=\u00a0\u00bb4.26.0&Prime; _module_preset=\u00a0\u00bbdefault\u00a0\u00bb custom_padding=\u00a0\u00bb|||30px|false|false\u00a0\u00bb global_colors_info=\u00a0\u00bb{}\u00a0\u00bb theme_builder_area=\u00a0\u00bbpost_content\u00a0\u00bb][et_pb_image src=\u00a0\u00bbhttps:\/\/sudburymeals.org\/wp-content\/uploads\/2024\/07\/Quote-Gold.png\u00a0\u00bb _builder_version=\u00a0\u00bb4.27.0&Prime; _module_preset=\u00a0\u00bbdefault\u00a0\u00bb theme_builder_area=\u00a0\u00bbpost_content\u00a0\u00bb title_text=\u00a0\u00bb\u00ab\u00a0\u00bb hover_enabled=\u00a0\u00bb0&Prime; sticky_enabled=\u00a0\u00bb0&Prime; align=\u00a0\u00bbcenter\u00a0\u00bb][\/et_pb_image][\/et_pb_column][et_pb_column type=\u00a0\u00bb3_4&Prime; _builder_version=\u00a0\u00bb4.26.0&Prime; _module_preset=\u00a0\u00bbdefault\u00a0\u00bb custom_padding=\u00a0\u00bb|||30px|false|false\u00a0\u00bb global_colors_info=\u00a0\u00bb{}\u00a0\u00bb theme_builder_area=\u00a0\u00bbpost_content\u00a0\u00bb][et_pb_text quote_border_color=\u00a0\u00bb#DBC28A\u00a0\u00bb _builder_version=\u00a0\u00bb4.27.0&Prime; _module_preset=\u00a0\u00bbdefault\u00a0\u00bb custom_margin=\u00a0\u00bb||0px||false|false\u00a0\u00bb hover_enabled=\u00a0\u00bb0&Prime; locked=\u00a0\u00bboff\u00a0\u00bb global_colors_info=\u00a0\u00bb{}\u00a0\u00bb theme_builder_area=\u00a0\u00bbpost_content\u00a0\u00bb sticky_enabled=\u00a0\u00bb0&Prime;]<\/p>\n<blockquote>\n<p>\u00ab Popote roulante m\u2019a beaucoup aid\u00e9e pendant que mon mari \u00e9tait \u00e0 l\u2019h\u00f4pital apr\u00e8s avoir \u00e9t\u00e9 victime d\u2019un accident. Comme je passais beaucoup de temps \u00e0 l\u2019h\u00f4pital, il m\u2019\u00e9tait difficile de pr\u00e9parer des repas. Alors, lorsqu\u2019une infirmi\u00e8re m\u2019a parl\u00e9 de Popote roulante, j\u2019ai d\u00e9cid\u00e9 de l\u2019essayer et j\u2019adore le service. Je pr\u00e9f\u00e8re les repas congel\u00e9s, car je peux choisir ce que je veux manger et quand je veux manger. Parmi mes plats pr\u00e9f\u00e9r\u00e9s, il y a la lasagne au b\u0153uf, les cigares au chou, le b\u0153uf brais\u00e9 et le pain de viande. Ils sont d\u00e9licieux et se r\u00e9chauffent facilement. Les soupes et les desserts qui accompagnent les repas sont un vrai r\u00e9gal. Je n\u2019ai absolument aucun reproche \u00e0 faire; j\u2019appr\u00e9cie \u00e9norm\u00e9ment la qualit\u00e9 du service. \u00bb<span style=\"color: #2a3077;\"><em><\/em><\/span><\/p>\n<\/blockquote>\n<p>[\/et_pb_text][et_pb_text quote_border_color=\u00a0\u00bb#DBC28A\u00a0\u00bb _builder_version=\u00a0\u00bb4.27.0&Prime; _module_preset=\u00a0\u00bbdefault\u00a0\u00bb text_font=\u00a0\u00bb||on||||||\u00a0\u00bb text_text_color=\u00a0\u00bb#2A3077&Prime; text_font_size=\u00a0\u00bb16px\u00a0\u00bb text_orientation=\u00a0\u00bbright\u00a0\u00bb hover_enabled=\u00a0\u00bb0&Prime; locked=\u00a0\u00bboff\u00a0\u00bb global_colors_info=\u00a0\u00bb{}\u00a0\u00bb theme_builder_area=\u00a0\u00bbpost_content\u00a0\u00bb sticky_enabled=\u00a0\u00bb0&Prime;]<\/p>\n<p><strong>&#8211; Suzanne Bourdon<\/strong>, cliente de Popote roulante (Sudbury)<\/p>\n<p>[\/et_pb_text][\/et_pb_column][\/et_pb_row][\/et_pb_section][et_pb_section fb_built=\u00a0\u00bb1&Prime; _builder_version=\u00a0\u00bb4.27.0&Prime; _module_preset=\u00a0\u00bbdefault\u00a0\u00bb hover_enabled=\u00a0\u00bb0&Prime; background_position_tablet=\u00a0\u00bbcenter\u00a0\u00bb global_colors_info=\u00a0\u00bb{}\u00a0\u00bb theme_builder_area=\u00a0\u00bbpost_content\u00a0\u00bb sticky_enabled=\u00a0\u00bb0&Prime; background_color=\u00a0\u00bb#F8FCF8&Prime;][et_pb_row column_structure=\u00a0\u00bb1_4,3_4&Prime; make_equal=\u00a0\u00bbon\u00a0\u00bb _builder_version=\u00a0\u00bb4.26.0&Prime; _module_preset=\u00a0\u00bbdefault\u00a0\u00bb custom_padding=\u00a0\u00bb10px||||false|false\u00a0\u00bb custom_css_main_element=\u00a0\u00bbalign-items:center;\u00a0\u00bb global_colors_info=\u00a0\u00bb{}\u00a0\u00bb custom_css_main_element_last_edited=\u00a0\u00bbon|phone\u00a0\u00bb custom_css_main_element_tablet=\u00a0\u00bbdisplay:flex;\u00a0\u00bb custom_css_main_element_phone=\u00a0\u00bb \u00a0\u00bb locked=\u00a0\u00bboff\u00a0\u00bb theme_builder_area=\u00a0\u00bbpost_content\u00a0\u00bb][et_pb_column type=\u00a0\u00bb1_4&Prime; _builder_version=\u00a0\u00bb4.26.0&Prime; _module_preset=\u00a0\u00bbdefault\u00a0\u00bb global_colors_info=\u00a0\u00bb{}\u00a0\u00bb theme_builder_area=\u00a0\u00bbpost_content\u00a0\u00bb][et_pb_image src=\u00a0\u00bbhttps:\/\/sudburymeals.org\/wp-content\/uploads\/2024\/07\/Tom-Mitsopoulos.jpg\u00a0\u00bb title_text=\u00a0\u00bbTom Mitsopoulos\u00a0\u00bb align=\u00a0\u00bbcenter\u00a0\u00bb _builder_version=\u00a0\u00bb4.26.0&Prime; _module_preset=\u00a0\u00bbdefault\u00a0\u00bb width_tablet=\u00a0\u00bb\u00a0\u00bb width_phone=\u00a0\u00bb200px\u00a0\u00bb width_last_edited=\u00a0\u00bbon|phone\u00a0\u00bb global_colors_info=\u00a0\u00bb{}\u00a0\u00bb theme_builder_area=\u00a0\u00bbpost_content\u00a0\u00bb][\/et_pb_image][\/et_pb_column][et_pb_column type=\u00a0\u00bb3_4&Prime; _builder_version=\u00a0\u00bb4.26.0&Prime; _module_preset=\u00a0\u00bbdefault\u00a0\u00bb custom_padding=\u00a0\u00bb|||30px|false|false\u00a0\u00bb global_colors_info=\u00a0\u00bb{}\u00a0\u00bb theme_builder_area=\u00a0\u00bbpost_content\u00a0\u00bb][et_pb_text quote_border_color=\u00a0\u00bb#DBC28A\u00a0\u00bb _builder_version=\u00a0\u00bb4.26.0&Prime; _module_preset=\u00a0\u00bbdefault\u00a0\u00bb custom_margin=\u00a0\u00bb||0px||false|false\u00a0\u00bb locked=\u00a0\u00bboff\u00a0\u00bb global_colors_info=\u00a0\u00bb{}\u00a0\u00bb theme_builder_area=\u00a0\u00bbpost_content\u00a0\u00bb]<\/p>\n<blockquote>\n<p>\u00ab Je me suis inscrit \u00e0 Popote roulante (Sudbury) apr\u00e8s que mon ami a recommand\u00e9 le service \u00e0 mon fr\u00e8re pour moi. Ce service m\u2019est tr\u00e8s utile, car je n\u2019ai pas \u00e0 me pr\u00e9occuper autant de pr\u00e9parer des repas et je sais que j\u2019aurai toujours de bons repas. J\u2019adore les plats \u00e0 base de poisson et tous les desserts; c\u2019est d\u00e9licieux! J\u2019ai aussi essay\u00e9 les repas congel\u00e9s, qui sont pratiques la fin de semaine et les jours f\u00e9ri\u00e9s, lorsque les bureaux de Popote roulante sont ferm\u00e9s. J\u2019aime aussi accompagner mon ami le mercredi pour livrer des repas dans la communaut\u00e9. C\u2019est tr\u00e8s agr\u00e9able de voir \u00e0 quel point les gens de la communaut\u00e9 b\u00e9n\u00e9ficient des services de Popote roulante. Cela me permet aussi de faire de l\u2019exercice et de sortir de la maison. Si vous pouvez faire du b\u00e9n\u00e9volat, je vous le recommande fortement! \u00bb<\/p>\n<\/blockquote>\n<p>[\/et_pb_text][et_pb_text quote_border_color=\u00a0\u00bb#DBC28A\u00a0\u00bb _builder_version=\u00a0\u00bb4.26.0&Prime; _module_preset=\u00a0\u00bbdefault\u00a0\u00bb text_font=\u00a0\u00bb||on||||||\u00a0\u00bb text_text_color=\u00a0\u00bb#2A3077&Prime; text_font_size=\u00a0\u00bb16px\u00a0\u00bb text_orientation=\u00a0\u00bbright\u00a0\u00bb locked=\u00a0\u00bboff\u00a0\u00bb global_colors_info=\u00a0\u00bb{}\u00a0\u00bb theme_builder_area=\u00a0\u00bbpost_content\u00a0\u00bb]<\/p>\n<p><strong>&#8211; Tom Mitsopoulos<\/strong>, client et b\u00e9n\u00e9vole de Popote roulante (Sudbury)<\/p>\n<p>[\/et_pb_text][\/et_pb_column][\/et_pb_row][\/et_pb_section][et_pb_section fb_built=\u00a0\u00bb1&Prime; _builder_version=\u00a0\u00bb4.27.0&Prime; _module_preset=\u00a0\u00bbdefault\u00a0\u00bb hover_enabled=\u00a0\u00bb0&Prime; background_position_tablet=\u00a0\u00bbcenter\u00a0\u00bb global_colors_info=\u00a0\u00bb{}\u00a0\u00bb theme_builder_area=\u00a0\u00bbpost_content\u00a0\u00bb sticky_enabled=\u00a0\u00bb0&Prime; use_background_color_gradient=\u00a0\u00bbon\u00a0\u00bb background_enable_color=\u00a0\u00bboff\u00a0\u00bb background_color_gradient_stops=\u00a0\u00bb#ffffff 0%|#f7fafc 100%\u00a0\u00bb][et_pb_row column_structure=\u00a0\u00bb1_4,3_4&Prime; make_equal=\u00a0\u00bbon\u00a0\u00bb _builder_version=\u00a0\u00bb4.27.0&Prime; _module_preset=\u00a0\u00bbdefault\u00a0\u00bb custom_padding=\u00a0\u00bb10px||||false|false\u00a0\u00bb hover_enabled=\u00a0\u00bb0&Prime; custom_css_main_element=\u00a0\u00bbalign-items:center;\u00a0\u00bb global_colors_info=\u00a0\u00bb{}\u00a0\u00bb custom_css_main_element_last_edited=\u00a0\u00bbon|tablet\u00a0\u00bb custom_css_main_element_phone=\u00a0\u00bb \u00a0\u00bb theme_builder_area=\u00a0\u00bbpost_content\u00a0\u00bb sticky_enabled=\u00a0\u00bb0&Prime; custom_css_main_element_tablet=\u00a0\u00bbalign-items:center;\u00a0\u00bb][et_pb_column type=\u00a0\u00bb1_4&Prime; _builder_version=\u00a0\u00bb4.26.0&Prime; _module_preset=\u00a0\u00bbdefault\u00a0\u00bb custom_padding=\u00a0\u00bb|||30px|false|false\u00a0\u00bb global_colors_info=\u00a0\u00bb{}\u00a0\u00bb theme_builder_area=\u00a0\u00bbpost_content\u00a0\u00bb][et_pb_image src=\u00a0\u00bbhttps:\/\/sudburymeals.org\/wp-content\/uploads\/2024\/07\/Quote-Gold.png\u00a0\u00bb _builder_version=\u00a0\u00bb4.27.0&Prime; _module_preset=\u00a0\u00bbdefault\u00a0\u00bb theme_builder_area=\u00a0\u00bbpost_content\u00a0\u00bb title_text=\u00a0\u00bb\u00ab\u00a0\u00bb hover_enabled=\u00a0\u00bb0&Prime; sticky_enabled=\u00a0\u00bb0&Prime; align=\u00a0\u00bbcenter\u00a0\u00bb][\/et_pb_image][\/et_pb_column][et_pb_column type=\u00a0\u00bb3_4&Prime; _builder_version=\u00a0\u00bb4.26.0&Prime; _module_preset=\u00a0\u00bbdefault\u00a0\u00bb custom_padding=\u00a0\u00bb|||30px|false|false\u00a0\u00bb global_colors_info=\u00a0\u00bb{}\u00a0\u00bb theme_builder_area=\u00a0\u00bbpost_content\u00a0\u00bb][et_pb_text quote_border_color=\u00a0\u00bb#DBC28A\u00a0\u00bb _builder_version=\u00a0\u00bb4.27.0&Prime; _module_preset=\u00a0\u00bbdefault\u00a0\u00bb custom_margin=\u00a0\u00bb||0px||false|false\u00a0\u00bb hover_enabled=\u00a0\u00bb0&Prime; locked=\u00a0\u00bboff\u00a0\u00bb global_colors_info=\u00a0\u00bb{}\u00a0\u00bb theme_builder_area=\u00a0\u00bbpost_content\u00a0\u00bb sticky_enabled=\u00a0\u00bb0&Prime;]<\/p>\n<blockquote>\n<p>\u00ab Ma m\u00e8re Sheila adore les repas de Popote roulante (Sudbury). Nous sommes tout \u00e0 fait ravies du service que nous recevons de Popote roulante. Je ne connaissais pas ce service auparavant, mais je suis tellement heureuse qu\u2019il soit offert dans notre communaut\u00e9. Ma m\u00e8re avait perdu 25 livres derni\u00e8rement et avait d\u00e9sesp\u00e9r\u00e9ment besoin de prendre du poids. Depuis qu\u2019elle a commenc\u00e9 \u00e0 recevoir des repas, elle a d\u00e9j\u00e0 pris quelques livres. Elle mange tout et aime tellement la nourriture qu\u2019elle a d\u00e9cid\u00e9 qu\u2019elle recevrait dor\u00e9navant cinq repas par semaine. \u00bb<span style=\"color: #2a3077;\"><em><\/em><\/span><\/p>\n<\/blockquote>\n<p>[\/et_pb_text][et_pb_text quote_border_color=\u00a0\u00bb#DBC28A\u00a0\u00bb _builder_version=\u00a0\u00bb4.27.0&Prime; _module_preset=\u00a0\u00bbdefault\u00a0\u00bb text_font=\u00a0\u00bb||on||||||\u00a0\u00bb text_text_color=\u00a0\u00bb#2A3077&Prime; text_font_size=\u00a0\u00bb16px\u00a0\u00bb text_orientation=\u00a0\u00bbright\u00a0\u00bb hover_enabled=\u00a0\u00bb0&Prime; locked=\u00a0\u00bboff\u00a0\u00bb global_colors_info=\u00a0\u00bb{}\u00a0\u00bb theme_builder_area=\u00a0\u00bbpost_content\u00a0\u00bb sticky_enabled=\u00a0\u00bb0&Prime;]<\/p>\n<p><strong>&#8211; Kelly Blais<\/strong>, fille d&rsquo;une cliente de Popote roulante (Sudbury)<\/p>\n<p>[\/et_pb_text][\/et_pb_column][\/et_pb_row][\/et_pb_section]<\/p>\n","protected":false},"excerpt":{"rendered":"<p>Histoires de client(e)s \u00ab J\u2019ai commenc\u00e9 \u00e0 utiliser le service il y a un an. Au d\u00e9but, je faisais livrer des repas \u00e0 l\u2019occasion seulement pour voir si \u00e7a me convenait. Toutefois, j\u2019ai tellement aim\u00e9 la nourriture que je fais maintenant livrer les repas plus souvent. J\u2019adore Popote roulante, car les repas sont nutritifs et ne contiennent pas tous les ingr\u00e9dients suppl\u00e9mentaires qu\u2019on trouve dans les repas congel\u00e9s vendus \u00e0 l\u2019\u00e9picerie. Mes plats pr\u00e9f\u00e9r\u00e9s sont ceux au poulet; la viande est juteuse et les l\u00e9gumes sont bien cuits. Il y a habituellement assez de nourriture pour le d\u00eener et le souper, ce qui est g\u00e9nial \u00e9tant donn\u00e9 que je ne dois pas cuisiner aussi souvent. J\u2019adore aussi le fait que le personnel et les b\u00e9n\u00e9voles sont toujours pr\u00eats \u00e0 aider et qu\u2019ils adaptent le service \u00e0 mes besoins. Je recommande Popote roulante \u00e0 toutes les personnes qui pourraient b\u00e9n\u00e9ficier de ce service! \u00bb &#8211; Denise Belanger, cliente de Popote roulante (Sudbury) \u00ab Popote roulante (Sudbury) m\u2019aide beaucoup, car \u00e9tant donn\u00e9 que je souffre d\u2019arthrite, je ne peux pas me tenir debout longtemps devant ma cuisini\u00e8re. Je ne suis donc pas capable de pr\u00e9parer mes repas. De plus, j\u2019utilise une marchette [&hellip;]<\/p>\n","protected":false},"author":1,"featured_media":0,"parent":0,"menu_order":0,"comment_status":"closed","ping_status":"closed","template":"","meta":{"_et_pb_use_builder":"on","_et_pb_old_content":"","_et_gb_content_width":"","footnotes":""},"class_list":["post-949","page","type-page","status-publish","hentry"],"_links":{"self":[{"href":"https:\/\/sudburymeals.org\/fr\/wp-json\/wp\/v2\/pages\/949","targetHints":{"allow":["GET"]}}],"collection":[{"href":"https:\/\/sudburymeals.org\/fr\/wp-json\/wp\/v2\/pages"}],"about":[{"href":"https:\/\/sudburymeals.org\/fr\/wp-json\/wp\/v2\/types\/page"}],"author":[{"embeddable":true,"href":"https:\/\/sudburymeals.org\/fr\/wp-json\/wp\/v2\/users\/1"}],"replies":[{"embeddable":true,"href":"https:\/\/sudburymeals.org\/fr\/wp-json\/wp\/v2\/comments?post=949"}],"version-history":[{"count":2,"href":"https:\/\/sudburymeals.org\/fr\/wp-json\/wp\/v2\/pages\/949\/revisions"}],"predecessor-version":[{"id":951,"href":"https:\/\/sudburymeals.org\/fr\/wp-json\/wp\/v2\/pages\/949\/revisions\/951"}],"wp:attachment":[{"href":"https:\/\/sudburymeals.org\/fr\/wp-json\/wp\/v2\/media?parent=949"}],"curies":[{"name":"wp","href":"https:\/\/api.w.org\/{rel}","templated":true}]}}