{"id":958,"date":"2024-07-05T13:40:29","date_gmt":"2024-07-05T13:40:29","guid":{"rendered":"https:\/\/www.sudburymeals.org\/faites-un-don\/"},"modified":"2024-12-16T15:53:49","modified_gmt":"2024-12-16T15:53:49","slug":"faites-un-don","status":"publish","type":"page","link":"https:\/\/sudburymeals.org\/fr\/faites-un-don\/","title":{"rendered":"Faites un don"},"content":{"rendered":"<p>[et_pb_section fb_built=\u00a0\u00bb1&Prime; _builder_version=\u00a0\u00bb4.26.0&Prime; _module_preset=\u00a0\u00bbdefault\u00a0\u00bb background_color=\u00a0\u00bb#2A3077&Prime; custom_padding=\u00a0\u00bb40px||40px||true|false\u00a0\u00bb global_colors_info=\u00a0\u00bb{}\u00a0\u00bb][et_pb_row _builder_version=\u00a0\u00bb4.26.0&Prime; _module_preset=\u00a0\u00bbdefault\u00a0\u00bb global_colors_info=\u00a0\u00bb{}\u00a0\u00bb][et_pb_column type=\u00a0\u00bb4_4&Prime; _builder_version=\u00a0\u00bb4.26.0&Prime; _module_preset=\u00a0\u00bbdefault\u00a0\u00bb global_colors_info=\u00a0\u00bb{}\u00a0\u00bb][et_pb_text _builder_version=\u00a0\u00bb4.27.0&Prime; _module_preset=\u00a0\u00bbdefault\u00a0\u00bb header_text_align=\u00a0\u00bbcenter\u00a0\u00bb header_text_color=\u00a0\u00bb#DBC28A\u00a0\u00bb header_font_size=\u00a0\u00bb45px\u00a0\u00bb global_colors_info=\u00a0\u00bb{}\u00a0\u00bb]<\/p>\n<h1>Faites un don<\/h1>\n<p>[\/et_pb_text][\/et_pb_column][\/et_pb_row][\/et_pb_section][et_pb_section fb_built=\u00a0\u00bb1&Prime; _builder_version=\u00a0\u00bb4.27.0&Prime; _module_preset=\u00a0\u00bbdefault\u00a0\u00bb global_colors_info=\u00a0\u00bb{}\u00a0\u00bb][et_pb_row _builder_version=\u00a0\u00bb4.26.0&Prime; _module_preset=\u00a0\u00bbdefault\u00a0\u00bb global_colors_info=\u00a0\u00bb{}\u00a0\u00bb][et_pb_column type=\u00a0\u00bb4_4&Prime; _builder_version=\u00a0\u00bb4.26.0&Prime; _module_preset=\u00a0\u00bbdefault\u00a0\u00bb global_colors_info=\u00a0\u00bb{}\u00a0\u00bb][et_pb_text _builder_version=\u00a0\u00bb4.27.0&Prime; _module_preset=\u00a0\u00bbdefault\u00a0\u00bb text_font=\u00a0\u00bb||||||||\u00a0\u00bb locked=\u00a0\u00bboff\u00a0\u00bb global_colors_info=\u00a0\u00bb{}\u00a0\u00bb]<\/p>\n<p>Nous avons pour objectif principal d\u2019aider les personnes qui habitent dans la r\u00e9gion de Sudbury \u00e0 vivre de fa\u00e7on autonome aussi longtemps que possible. Ces personnes d\u00e9pendent des programmes de Popote roulante (Sudbury) et d\u2019autres services communautaires de soutien pour recevoir des repas nutritifs. <\/p>\n<p>Popote roulante (Sudbury) est partiellement financ\u00e9e par le minist\u00e8re de la Sant\u00e9 (Services de soutien \u00e0 domicile et en milieu communautaire). Le reste du financement provient des frais de service, des dons, des activit\u00e9s de collecte de fonds ainsi que des b\u00e9n\u00e9fices d\u2019\u00e9v\u00e9nements appuy\u00e9s par le traiteur Home of Our Own Catering (HOOO), division de Popote roulante (Sudbury). <\/p>\n<p>Gr\u00e2ce \u00e0 vos dons g\u00e9n\u00e9reux, Popote roulante (Sudbury) peut offrir ses programmes et services \u00e0 plus de 450 personnes par ann\u00e9e. Merci. <\/p>\n<p>[\/et_pb_text][\/et_pb_column][\/et_pb_row][\/et_pb_section][et_pb_section fb_built=\u00a0\u00bb1&Prime; _builder_version=\u00a0\u00bb4.27.0&Prime; _module_preset=\u00a0\u00bbdefault\u00a0\u00bb background_color=\u00a0\u00bb#F7FAFC\u00a0\u00bb hover_enabled=\u00a0\u00bb0&Prime; global_colors_info=\u00a0\u00bb{}\u00a0\u00bb module_id=\u00a0\u00bbdonate-today\u00a0\u00bb sticky_enabled=\u00a0\u00bb0&Prime;][et_pb_row _builder_version=\u00a0\u00bb4.27.0&Prime; _module_preset=\u00a0\u00bbdefault\u00a0\u00bb global_colors_info=\u00a0\u00bb{}\u00a0\u00bb][et_pb_column type=\u00a0\u00bb4_4&Prime; _builder_version=\u00a0\u00bb4.27.0&Prime; _module_preset=\u00a0\u00bbdefault\u00a0\u00bb global_colors_info=\u00a0\u00bb{}\u00a0\u00bb][et_pb_text _builder_version=\u00a0\u00bb4.27.0&Prime; _module_preset=\u00a0\u00bbdefault\u00a0\u00bb header_2_text_align=\u00a0\u00bbcenter\u00a0\u00bb header_2_font_size=\u00a0\u00bb28px\u00a0\u00bb locked=\u00a0\u00bboff\u00a0\u00bb global_colors_info=\u00a0\u00bb{}\u00a0\u00bb]<\/p>\n<h2>Faites un don en ligne aujourd&rsquo;hui<\/h2>\n<p>[\/et_pb_text][et_pb_code _builder_version=\u00a0\u00bb4.27.0&Prime; _module_preset=\u00a0\u00bbdefault\u00a0\u00bb min_height=\u00a0\u00bb50px\u00a0\u00bb global_colors_info=\u00a0\u00bb{}\u00a0\u00bb]<pllenty-form><\/pllenty-form><!-- [et_pb_line_break_holder] -->  <script type=\"text\/javascript\" src=\"https:\/\/mowsudbury.pllenty.com\/pllenty-form.js\"><!-- [et_pb_line_break_holder] --><\/script>[\/et_pb_code][\/et_pb_column][\/et_pb_row][\/et_pb_section]<\/p>\n","protected":false},"excerpt":{"rendered":"<p>Faites un donNous avons pour objectif principal d\u2019aider les personnes qui habitent dans la r\u00e9gion de Sudbury \u00e0 vivre de fa\u00e7on autonome aussi longtemps que possible. Ces personnes d\u00e9pendent des programmes de Popote roulante (Sudbury) et d\u2019autres services communautaires de soutien pour recevoir des repas nutritifs. Popote roulante (Sudbury) est partiellement financ\u00e9e par le minist\u00e8re de la Sant\u00e9 (Services de soutien \u00e0 domicile et en milieu communautaire). Le reste du financement provient des frais de service, des dons, des activit\u00e9s de collecte de fonds ainsi que des b\u00e9n\u00e9fices d\u2019\u00e9v\u00e9nements appuy\u00e9s par le traiteur Home of Our Own Catering (HOOO), division de Popote roulante (Sudbury). Gr\u00e2ce \u00e0 vos dons g\u00e9n\u00e9reux, Popote roulante (Sudbury) peut offrir ses programmes et services \u00e0 plus de 450 personnes par ann\u00e9e. Merci. Faites un don en ligne aujourd&rsquo;hui<\/p>\n","protected":false},"author":1,"featured_media":0,"parent":0,"menu_order":0,"comment_status":"closed","ping_status":"closed","template":"","meta":{"_et_pb_use_builder":"on","_et_pb_old_content":"","_et_gb_content_width":"","footnotes":""},"class_list":["post-958","page","type-page","status-publish","hentry"],"_links":{"self":[{"href":"https:\/\/sudburymeals.org\/fr\/wp-json\/wp\/v2\/pages\/958","targetHints":{"allow":["GET"]}}],"collection":[{"href":"https:\/\/sudburymeals.org\/fr\/wp-json\/wp\/v2\/pages"}],"about":[{"href":"https:\/\/sudburymeals.org\/fr\/wp-json\/wp\/v2\/types\/page"}],"author":[{"embeddable":true,"href":"https:\/\/sudburymeals.org\/fr\/wp-json\/wp\/v2\/users\/1"}],"replies":[{"embeddable":true,"href":"https:\/\/sudburymeals.org\/fr\/wp-json\/wp\/v2\/comments?post=958"}],"version-history":[{"count":2,"href":"https:\/\/sudburymeals.org\/fr\/wp-json\/wp\/v2\/pages\/958\/revisions"}],"predecessor-version":[{"id":960,"href":"https:\/\/sudburymeals.org\/fr\/wp-json\/wp\/v2\/pages\/958\/revisions\/960"}],"wp:attachment":[{"href":"https:\/\/sudburymeals.org\/fr\/wp-json\/wp\/v2\/media?parent=958"}],"curies":[{"name":"wp","href":"https:\/\/api.w.org\/{rel}","templated":true}]}}