{"id":970,"date":"2024-07-05T13:58:22","date_gmt":"2024-07-05T13:58:22","guid":{"rendered":"https:\/\/www.sudburymeals.org\/cest-bon-chez-nous\/"},"modified":"2024-12-16T17:15:09","modified_gmt":"2024-12-16T17:15:09","slug":"cest-bon-chez-nous","status":"publish","type":"page","link":"https:\/\/sudburymeals.org\/fr\/cest-bon-chez-nous\/","title":{"rendered":"C\u2019est bon chez nous"},"content":{"rendered":"<p>[et_pb_section fb_built=\u00a0\u00bb1&Prime; _builder_version=\u00a0\u00bb4.26.0&Prime; _module_preset=\u00a0\u00bbdefault\u00a0\u00bb background_color=\u00a0\u00bb#2A3077&Prime; custom_padding=\u00a0\u00bb40px||40px||true|false\u00a0\u00bb global_colors_info=\u00a0\u00bb{}\u00a0\u00bb][et_pb_row _builder_version=\u00a0\u00bb4.26.0&Prime; _module_preset=\u00a0\u00bbdefault\u00a0\u00bb global_colors_info=\u00a0\u00bb{}\u00a0\u00bb][et_pb_column type=\u00a0\u00bb4_4&Prime; _builder_version=\u00a0\u00bb4.26.0&Prime; _module_preset=\u00a0\u00bbdefault\u00a0\u00bb global_colors_info=\u00a0\u00bb{}\u00a0\u00bb][et_pb_text _builder_version=\u00a0\u00bb4.26.0&Prime; _module_preset=\u00a0\u00bbdefault\u00a0\u00bb header_text_align=\u00a0\u00bbcenter\u00a0\u00bb header_text_color=\u00a0\u00bb#DBC28A\u00a0\u00bb header_font_size=\u00a0\u00bb45px\u00a0\u00bb global_colors_info=\u00a0\u00bb{}\u00a0\u00bb]<\/p>\n<h1>C\u2019est bon chez nous<\/h1>\n<p>[\/et_pb_text][\/et_pb_column][\/et_pb_row][\/et_pb_section][et_pb_section fb_built=\u00a0\u00bb1&Prime; _builder_version=\u00a0\u00bb4.26.0&Prime; _module_preset=\u00a0\u00bbdefault\u00a0\u00bb global_colors_info=\u00a0\u00bb{}\u00a0\u00bb][et_pb_row column_structure=\u00a0\u00bb3_4,1_4&Prime; make_equal=\u00a0\u00bbon\u00a0\u00bb custom_padding_last_edited=\u00a0\u00bbon|desktop\u00a0\u00bb _builder_version=\u00a0\u00bb4.26.0&Prime; _module_preset=\u00a0\u00bbdefault\u00a0\u00bb custom_padding=\u00a0\u00bb||10px||false|false\u00a0\u00bb custom_padding_tablet=\u00a0\u00bb||10px||false|false\u00a0\u00bb custom_padding_phone=\u00a0\u00bb||10px||false|false\u00a0\u00bb custom_css_main_element=\u00a0\u00bbalign-items:center;\u00a0\u00bb global_colors_info=\u00a0\u00bb{}\u00a0\u00bb][et_pb_column type=\u00a0\u00bb3_4&Prime; _builder_version=\u00a0\u00bb4.26.0&Prime; _module_preset=\u00a0\u00bbdefault\u00a0\u00bb global_colors_info=\u00a0\u00bb{}\u00a0\u00bb][et_pb_text _builder_version=\u00a0\u00bb4.26.0&Prime; _module_preset=\u00a0\u00bbdefault\u00a0\u00bb header_2_font_size=\u00a0\u00bb28px\u00a0\u00bb locked=\u00a0\u00bboff\u00a0\u00bb global_colors_info=\u00a0\u00bb{}\u00a0\u00bb]<\/p>\n<h2>Sp\u00e9cialit\u00e9s<\/h2>\n<p>[\/et_pb_text][et_pb_text _builder_version=\u00a0\u00bb4.27.4&Prime; _module_preset=\u00a0\u00bbdefault\u00a0\u00bb hover_enabled=\u00a0\u00bb0&Prime; locked=\u00a0\u00bboff\u00a0\u00bb global_colors_info=\u00a0\u00bb{}\u00a0\u00bb sticky_enabled=\u00a0\u00bb0&Prime;]<\/p>\n<p><em>C\u2019est bon chez nous<\/em> se distingue par un double engagement envers notre communaut\u00e9 en offrant deux services particuliers, mais \u00e9galement importants. D\u2019abord et avant tout, notre division de service traiteur appuie fi\u00e8rement Popote roulante (Sudbury) en lui fournissant, du lundi au vendredi, des repas d\u00e9licieux et nutritifs pr\u00e9par\u00e9s par notre personnel cuisinier d\u00e9vou\u00e9. Les membres de l\u2019\u00e9quipe se l\u00e8vent \u00e0 cinq heures tous les matins et travaillent sans rel\u00e2che pour fournir des d\u00eeners de qualit\u00e9 sup\u00e9rieure aux gens qui en ont le plus besoin.<\/p>\n<p>[\/et_pb_text][\/et_pb_column][et_pb_column type=\u00a0\u00bb1_4&Prime; disabled_on=\u00a0\u00bbon|on|off\u00a0\u00bb _builder_version=\u00a0\u00bb4.26.0&Prime; _module_preset=\u00a0\u00bbdefault\u00a0\u00bb global_colors_info=\u00a0\u00bb{}\u00a0\u00bb][et_pb_image src=\u00a0\u00bbhttps:\/\/sudburymeals.org\/wp-content\/uploads\/2024\/07\/Home-of-Our-Own-Catering.png\u00a0\u00bb alt=\u00a0\u00bbC\u2019est bon chez nous\u00a0\u00bb align=\u00a0\u00bbcenter\u00a0\u00bb _builder_version=\u00a0\u00bb4.26.0&Prime; _module_preset=\u00a0\u00bbdefault\u00a0\u00bb global_colors_info=\u00a0\u00bb{}\u00a0\u00bb][\/et_pb_image][\/et_pb_column][\/et_pb_row][et_pb_row custom_padding_last_edited=\u00a0\u00bbon|desktop\u00a0\u00bb _builder_version=\u00a0\u00bb4.26.0&Prime; _module_preset=\u00a0\u00bbdefault\u00a0\u00bb custom_padding=\u00a0\u00bb10px||||false|false\u00a0\u00bb custom_padding_tablet=\u00a0\u00bb10px||||false|false\u00a0\u00bb custom_padding_phone=\u00a0\u00bb10px||||false|false\u00a0\u00bb global_colors_info=\u00a0\u00bb{}\u00a0\u00bb][et_pb_column type=\u00a0\u00bb4_4&Prime; _builder_version=\u00a0\u00bb4.26.0&Prime; _module_preset=\u00a0\u00bbdefault\u00a0\u00bb global_colors_info=\u00a0\u00bb{}\u00a0\u00bb][et_pb_text _builder_version=\u00a0\u00bb4.27.4&Prime; _module_preset=\u00a0\u00bbdefault\u00a0\u00bb hover_enabled=\u00a0\u00bb0&Prime; locked=\u00a0\u00bboff\u00a0\u00bb global_colors_info=\u00a0\u00bb{}\u00a0\u00bb sticky_enabled=\u00a0\u00bb0&Prime;]<\/p>\n<p>Du m\u00eame coup, <em>C\u2019est bon chez nous<\/em> cuisine ses repas maison vedettes en vue d\u2019\u00e9v\u00e9nements, de r\u00e9unions et de d\u00eeners de toutes sortes, entre autres. Qu\u2019il s\u2019agisse d\u2019un rassemblement organisationnel ou d\u2019une occasion sp\u00e9ciale, nous offrons un menu compos\u00e9 de plats succulents frais et r\u00e9confortants qui sauront plaire \u00e0 tous les palais et qui sont pr\u00e9par\u00e9s dans notre cuisine sans arachides et sans noix. Les clients peuvent s\u2019attendre \u00e0 des repas de qualit\u00e9 sup\u00e9rieure et \u00e0 un service impeccable, sachant qu\u2019en choisissant <em>C\u2019est bon chez nous<\/em>, ils soutiennent leur communaut\u00e9.<\/p>\n<p><em>C\u2019est bon chez nous<\/em> sert ses clients, allant de centres de garde \u00e0 des programmes de jour pour adultes, \u00e0 longueur d\u2019ann\u00e9e et s\u2019assure que chaque service se d\u00e9roule parfaitement. De plus, nous avons en place des contrats de pr\u00e9paration de mets v\u00e9g\u00e9taliens. Si vous cherchez des repas copieux et satisfaisants remarquables, optez pour <em>C\u2019est bon chez nous<\/em>. Communiquez avec nous aujourd\u2019hui pour d\u00e9couvrir nos menus et les services que nous pouvons vous offrir avec passion et d\u00e9termination lors de votre prochain \u00e9v\u00e9nement.<\/p>\n<p>[\/et_pb_text][et_pb_image src=\u00a0\u00bbhttps:\/\/sudburymeals.org\/wp-content\/uploads\/2024\/07\/Home-of-Our-Own-Catering.png\u00a0\u00bb alt=\u00a0\u00bbC\u2019est bon chez nous\u00a0\u00bb align=\u00a0\u00bbcenter\u00a0\u00bb disabled_on=\u00a0\u00bboff|off|on\u00a0\u00bb _builder_version=\u00a0\u00bb4.26.0&Prime; _module_preset=\u00a0\u00bbdefault\u00a0\u00bb max_width_tablet=\u00a0\u00bb50%\u00a0\u00bb max_width_phone=\u00a0\u00bb60%\u00a0\u00bb max_width_last_edited=\u00a0\u00bbon|phone\u00a0\u00bb global_colors_info=\u00a0\u00bb{}\u00a0\u00bb][\/et_pb_image][\/et_pb_column][\/et_pb_row][\/et_pb_section][et_pb_section fb_built=\u00a0\u00bb1&Prime; _builder_version=\u00a0\u00bb4.26.0&Prime; _module_preset=\u00a0\u00bbdefault\u00a0\u00bb background_color=\u00a0\u00bb#F7FAFC\u00a0\u00bb global_colors_info=\u00a0\u00bb{}\u00a0\u00bb][et_pb_row _builder_version=\u00a0\u00bb4.26.0&Prime; _module_preset=\u00a0\u00bbdefault\u00a0\u00bb global_colors_info=\u00a0\u00bb{}\u00a0\u00bb][et_pb_column type=\u00a0\u00bb4_4&Prime; _builder_version=\u00a0\u00bb4.26.0&Prime; _module_preset=\u00a0\u00bbdefault\u00a0\u00bb global_colors_info=\u00a0\u00bb{}\u00a0\u00bb][et_pb_text _builder_version=\u00a0\u00bb4.26.0&Prime; _module_preset=\u00a0\u00bbdefault\u00a0\u00bb header_text_align=\u00a0\u00bbcenter\u00a0\u00bb header_2_text_align=\u00a0\u00bbcenter\u00a0\u00bb header_2_font_size=\u00a0\u00bb28px\u00a0\u00bb locked=\u00a0\u00bboff\u00a0\u00bb global_colors_info=\u00a0\u00bb{}\u00a0\u00bb]<\/p>\n<h2>Historique<\/h2>\n<p>[\/et_pb_text][et_pb_text _builder_version=\u00a0\u00bb4.27.4&Prime; _module_preset=\u00a0\u00bbdefault\u00a0\u00bb hover_enabled=\u00a0\u00bb0&Prime; locked=\u00a0\u00bboff\u00a0\u00bb global_colors_info=\u00a0\u00bb{}\u00a0\u00bb sticky_enabled=\u00a0\u00bb0&Prime;]<\/p>\n<p>Fond\u00e9 en 1990, <em>C\u2019est bon chez nous<\/em> a vu le jour en tant qu\u2019entreprise sociale de Popote roulante (Sudbury), organisme communautaire sans but lucratif. Cette entreprise a \u00e9t\u00e9 cr\u00e9\u00e9e pour mobiliser des fonds \u00e0 l\u2019appui des programmes et des services de Popote roulante (Sudbury). Apr\u00e8s avoir servi des repas \u00e0 quelques soupers pour les membres du conseil \u00e0 ses d\u00e9buts, l\u2019entreprise pr\u00e9pare aujourd\u2019hui des repas pour des mariages, des soupers de No\u00ebl, des d\u00eeners, des r\u00e9unions et \u00e0 peu pr\u00e8s tout autre \u00e9v\u00e9nement imaginable.<\/p>\n<p>[\/et_pb_text][\/et_pb_column][\/et_pb_row][et_pb_row column_structure=\u00a0\u00bb1_3,1_3,1_3&Prime; _builder_version=\u00a0\u00bb4.26.0&Prime; _module_preset=\u00a0\u00bbdefault\u00a0\u00bb global_colors_info=\u00a0\u00bb{}\u00a0\u00bb][et_pb_column type=\u00a0\u00bb1_3&Prime; _builder_version=\u00a0\u00bb4.26.0&Prime; _module_preset=\u00a0\u00bbdefault\u00a0\u00bb global_colors_info=\u00a0\u00bb{}\u00a0\u00bb][et_pb_image src=\u00a0\u00bbhttps:\/\/sudburymeals.org\/wp-content\/uploads\/2024\/07\/Desserts.jpg\u00a0\u00bb alt=\u00a0\u00bbDesserts\u00a0\u00bb _builder_version=\u00a0\u00bb4.26.0&Prime; _module_preset=\u00a0\u00bbdefault\u00a0\u00bb global_colors_info=\u00a0\u00bb{}\u00a0\u00bb][\/et_pb_image][\/et_pb_column][et_pb_column type=\u00a0\u00bb1_3&Prime; _builder_version=\u00a0\u00bb4.26.0&Prime; _module_preset=\u00a0\u00bbdefault\u00a0\u00bb global_colors_info=\u00a0\u00bb{}\u00a0\u00bb][et_pb_image src=\u00a0\u00bbhttps:\/\/sudburymeals.org\/wp-content\/uploads\/2024\/07\/ColdMeats.jpg\u00a0\u00bb alt=\u00a0\u00bbCharcuterie\u00a0\u00bb _builder_version=\u00a0\u00bb4.26.0&Prime; _module_preset=\u00a0\u00bbdefault\u00a0\u00bb global_colors_info=\u00a0\u00bb{}\u00a0\u00bb][\/et_pb_image][\/et_pb_column][et_pb_column type=\u00a0\u00bb1_3&Prime; _builder_version=\u00a0\u00bb4.26.0&Prime; _module_preset=\u00a0\u00bbdefault\u00a0\u00bb global_colors_info=\u00a0\u00bb{}\u00a0\u00bb][et_pb_image src=\u00a0\u00bbhttps:\/\/sudburymeals.org\/wp-content\/uploads\/2024\/07\/Salad.jpg\u00a0\u00bb alt=\u00a0\u00bbSalade\u00a0\u00bb _builder_version=\u00a0\u00bb4.26.0&Prime; _module_preset=\u00a0\u00bbdefault\u00a0\u00bb global_colors_info=\u00a0\u00bb{}\u00a0\u00bb][\/et_pb_image][\/et_pb_column][\/et_pb_row][\/et_pb_section]<\/p>\n","protected":false},"excerpt":{"rendered":"<p>C\u2019est bon chez nousSp\u00e9cialit\u00e9sC\u2019est bon chez nous se distingue par un double engagement envers notre communaut\u00e9 en offrant deux services particuliers, mais \u00e9galement importants. D\u2019abord et avant tout, notre division de service traiteur appuie fi\u00e8rement Popote roulante (Sudbury) en lui fournissant, du lundi au vendredi, des repas d\u00e9licieux et nutritifs pr\u00e9par\u00e9s par notre personnel cuisinier d\u00e9vou\u00e9. Les membres de l\u2019\u00e9quipe se l\u00e8vent \u00e0 cinq heures tous les matins et travaillent sans rel\u00e2che pour fournir des d\u00eeners de qualit\u00e9 sup\u00e9rieure aux gens qui en ont le plus besoin.Du m\u00eame coup, C\u2019est bon chez nous cuisine ses repas maison vedettes en vue d\u2019\u00e9v\u00e9nements, de r\u00e9unions et de d\u00eeners de toutes sortes, entre autres. Qu\u2019il s\u2019agisse d\u2019un rassemblement organisationnel ou d\u2019une occasion sp\u00e9ciale, nous offrons un menu compos\u00e9 de plats succulents frais et r\u00e9confortants qui sauront plaire \u00e0 tous les palais et qui sont pr\u00e9par\u00e9s dans notre cuisine sans arachides et sans noix. Les clients peuvent s\u2019attendre \u00e0 des repas de qualit\u00e9 sup\u00e9rieure et \u00e0 un service impeccable, sachant qu\u2019en choisissant C\u2019est bon chez nous, ils soutiennent leur communaut\u00e9. C\u2019est bon chez nous sert ses clients, allant de centres de garde \u00e0 des programmes de jour pour adultes, \u00e0 longueur d\u2019ann\u00e9e et s\u2019assure [&hellip;]<\/p>\n","protected":false},"author":1,"featured_media":0,"parent":0,"menu_order":0,"comment_status":"closed","ping_status":"closed","template":"","meta":{"_et_pb_use_builder":"on","_et_pb_old_content":"","_et_gb_content_width":"","footnotes":""},"class_list":["post-970","page","type-page","status-publish","hentry"],"_links":{"self":[{"href":"https:\/\/sudburymeals.org\/fr\/wp-json\/wp\/v2\/pages\/970","targetHints":{"allow":["GET"]}}],"collection":[{"href":"https:\/\/sudburymeals.org\/fr\/wp-json\/wp\/v2\/pages"}],"about":[{"href":"https:\/\/sudburymeals.org\/fr\/wp-json\/wp\/v2\/types\/page"}],"author":[{"embeddable":true,"href":"https:\/\/sudburymeals.org\/fr\/wp-json\/wp\/v2\/users\/1"}],"replies":[{"embeddable":true,"href":"https:\/\/sudburymeals.org\/fr\/wp-json\/wp\/v2\/comments?post=970"}],"version-history":[{"count":3,"href":"https:\/\/sudburymeals.org\/fr\/wp-json\/wp\/v2\/pages\/970\/revisions"}],"predecessor-version":[{"id":973,"href":"https:\/\/sudburymeals.org\/fr\/wp-json\/wp\/v2\/pages\/970\/revisions\/973"}],"wp:attachment":[{"href":"https:\/\/sudburymeals.org\/fr\/wp-json\/wp\/v2\/media?parent=970"}],"curies":[{"name":"wp","href":"https:\/\/api.w.org\/{rel}","templated":true}]}}