{"id":988,"date":"2024-07-05T13:56:41","date_gmt":"2024-07-05T13:56:41","guid":{"rendered":"https:\/\/www.sudburymeals.org\/repas-pour-mamans\/"},"modified":"2024-12-16T22:59:09","modified_gmt":"2024-12-16T22:59:09","slug":"repas-pour-mamans","status":"publish","type":"page","link":"https:\/\/sudburymeals.org\/fr\/repas-pour-mamans\/","title":{"rendered":"Repas pour mamans"},"content":{"rendered":"<p>[et_pb_section fb_built=\u00a0\u00bb1&Prime; _builder_version=\u00a0\u00bb4.26.0&Prime; _module_preset=\u00a0\u00bbdefault\u00a0\u00bb background_color=\u00a0\u00bb#2A3077&Prime; custom_padding=\u00a0\u00bb40px||40px||true|false\u00a0\u00bb global_colors_info=\u00a0\u00bb{}\u00a0\u00bb][et_pb_row _builder_version=\u00a0\u00bb4.26.0&Prime; _module_preset=\u00a0\u00bbdefault\u00a0\u00bb global_colors_info=\u00a0\u00bb{}\u00a0\u00bb][et_pb_column type=\u00a0\u00bb4_4&Prime; _builder_version=\u00a0\u00bb4.26.0&Prime; _module_preset=\u00a0\u00bbdefault\u00a0\u00bb global_colors_info=\u00a0\u00bb{}\u00a0\u00bb][et_pb_text _builder_version=\u00a0\u00bb4.26.0&Prime; _module_preset=\u00a0\u00bbdefault\u00a0\u00bb header_text_align=\u00a0\u00bbcenter\u00a0\u00bb header_text_color=\u00a0\u00bb#DBC28A\u00a0\u00bb header_font_size=\u00a0\u00bb45px\u00a0\u00bb global_colors_info=\u00a0\u00bb{}\u00a0\u00bb]<\/p>\n<h1>Repas pour mamans<\/h1>\n<p>[\/et_pb_text][\/et_pb_column][\/et_pb_row][\/et_pb_section][et_pb_section fb_built=\u00a0\u00bb1&Prime; _builder_version=\u00a0\u00bb4.26.0&Prime; _module_preset=\u00a0\u00bbdefault\u00a0\u00bb global_colors_info=\u00a0\u00bb{}\u00a0\u00bb][et_pb_row column_structure=\u00a0\u00bb3_5,2_5&Prime; _builder_version=\u00a0\u00bb4.26.0&Prime; _module_preset=\u00a0\u00bbdefault\u00a0\u00bb global_colors_info=\u00a0\u00bb{}\u00a0\u00bb][et_pb_column type=\u00a0\u00bb3_5&Prime; _builder_version=\u00a0\u00bb4.26.0&Prime; _module_preset=\u00a0\u00bbdefault\u00a0\u00bb global_colors_info=\u00a0\u00bb{}\u00a0\u00bb][et_pb_text _builder_version=\u00a0\u00bb4.26.0&Prime; _module_preset=\u00a0\u00bbdefault\u00a0\u00bb header_2_font_size=\u00a0\u00bb28px\u00a0\u00bb locked=\u00a0\u00bboff\u00a0\u00bb global_colors_info=\u00a0\u00bb{}\u00a0\u00bb]<\/p>\n<h2>Au sujet du programme<\/h2>\n<p>[\/et_pb_text][et_pb_text _builder_version=\u00a0\u00bb4.27.0&Prime; _module_preset=\u00a0\u00bbdefault\u00a0\u00bb locked=\u00a0\u00bboff\u00a0\u00bb global_colors_info=\u00a0\u00bb{}\u00a0\u00bb]<\/p>\n<p>Gr\u00e2ce \u00e0 ce programme, des repas nutritifs sont livr\u00e9s aux nouvelles m\u00e8res pendant de 6 \u00e0 8 semaines apr\u00e8s la naissance afin d\u2019assurer leur bien-\u00eatre nutritionnel et celui des enfants \u00e0 leur charge. Le programme s\u2019adresse aussi aux parents ayant des enfants d\u2019\u00e2ge pr\u00e9scolaire. Une pr\u00e9-\u00e9valuation est requise pour avoir recours \u00e0 ce service.  <\/p>\n<p>Le programme comprend \u00e0 la fois des <a href=\"https:\/\/sudburymeals.org\/fr\/programme-de-repas-chauds\/\">Repas chauds<\/a> et des <a href=\"https:\/\/sudburymeals.org\/fr\/programme-de-repas-congeles\/\">Repas congel\u00e9s<\/a>. Un repas ordinaire co\u00fbte 10 $ et un repas avec succ\u00e9dan\u00e9 du sucre co\u00fbte 10,25 $. <\/p>\n<p>[\/et_pb_text][\/et_pb_column][et_pb_column type=\u00a0\u00bb2_5&Prime; _builder_version=\u00a0\u00bb4.26.0&Prime; _module_preset=\u00a0\u00bbdefault\u00a0\u00bb custom_padding_last_edited=\u00a0\u00bboff|desktop\u00a0\u00bb border_color_all=\u00a0\u00bb#3EA447&Prime; global_colors_info=\u00a0\u00bb{}\u00a0\u00bb custom_css_main_element_last_edited=\u00a0\u00bbon|phone\u00a0\u00bb custom_css_main_element_tablet=\u00a0\u00bbmargin-top:90px\u00a0\u00bb custom_css_main_element_phone=\u00a0\u00bbmargin-top:70px\u00a0\u00bb][et_pb_image src=\u00a0\u00bbhttps:\/\/sudburymeals.org\/wp-content\/uploads\/2024\/07\/meals_for_moms.svg\u00a0\u00bb alt=\u00a0\u00bbStroller on pink background icon\u00a0\u00bb title_text=\u00a0\u00bbRepas pour mamans\u00a0\u00bb _builder_version=\u00a0\u00bb4.26.0&Prime; _module_preset=\u00a0\u00bbdefault\u00a0\u00bb positioning=\u00a0\u00bbabsolute\u00a0\u00bb position_origin_a=\u00a0\u00bbtop_center\u00a0\u00bb vertical_offset=\u00a0\u00bb-50px\u00a0\u00bb z_index=\u00a0\u00bb1&Prime; vertical_offset_tablet=\u00a0\u00bb-50px\u00a0\u00bb vertical_offset_phone=\u00a0\u00bb-50px\u00a0\u00bb vertical_offset_last_edited=\u00a0\u00bbon|phone\u00a0\u00bb position_origin_a_tablet=\u00a0\u00bbtop_center\u00a0\u00bb position_origin_a_phone=\u00a0\u00bbtop_center\u00a0\u00bb position_origin_a_last_edited=\u00a0\u00bbon|desktop\u00a0\u00bb position_origin_f_tablet=\u00a0\u00bb\u00a0\u00bb position_origin_f_phone=\u00a0\u00bb\u00a0\u00bb position_origin_f_last_edited=\u00a0\u00bbon|desktop\u00a0\u00bb position_origin_r_tablet=\u00a0\u00bb\u00a0\u00bb position_origin_r_phone=\u00a0\u00bb\u00a0\u00bb position_origin_r_last_edited=\u00a0\u00bbon|desktop\u00a0\u00bb width=\u00a0\u00bb90px\u00a0\u00bb width_tablet=\u00a0\u00bb90px\u00a0\u00bb width_phone=\u00a0\u00bb100px\u00a0\u00bb width_last_edited=\u00a0\u00bbon|desktop\u00a0\u00bb custom_margin=\u00a0\u00bb||||false|false\u00a0\u00bb positioning_tablet=\u00a0\u00bbabsolute\u00a0\u00bb positioning_phone=\u00a0\u00bbabsolute\u00a0\u00bb positioning_last_edited=\u00a0\u00bbon|desktop\u00a0\u00bb global_colors_info=\u00a0\u00bb{}\u00a0\u00bb][\/et_pb_image][et_pb_blurb title=\u00a0\u00bbContenu des repas\u00a0\u00bb _builder_version=\u00a0\u00bb4.27.0&Prime; _module_preset=\u00a0\u00bbdefault\u00a0\u00bb header_level=\u00a0\u00bbh2&Prime; header_text_align=\u00a0\u00bbcenter\u00a0\u00bb header_font_size=\u00a0\u00bb28px\u00a0\u00bb custom_padding=\u00a0\u00bb80px|50px|50px|50px|false|true\u00a0\u00bb custom_padding_tablet=\u00a0\u00bb80px|50px|50px|50px|false|true\u00a0\u00bb custom_padding_phone=\u00a0\u00bb80px|50px|50px|50px|false|true\u00a0\u00bb custom_padding_last_edited=\u00a0\u00bbon|desktop\u00a0\u00bb hover_enabled=\u00a0\u00bb0&Prime; custom_css_blurb_title=\u00a0\u00bbpadding-bottom:20px;\u00a0\u00bb border_radii=\u00a0\u00bbon|20px|20px|20px|20px\u00a0\u00bb border_width_all=\u00a0\u00bb3px\u00a0\u00bb border_color_all=\u00a0\u00bb#3EA447&Prime; global_colors_info=\u00a0\u00bb{}\u00a0\u00bb sticky_enabled=\u00a0\u00bb0&Prime;]<\/p>\n<ul>\n<li>175 ml \u2013 jus de fruits 100 % pur (pomme, orange et canneberge)<\/li>\n<li>Plat principal : viande, poisson ou volaille, f\u00e9culents (pomme de terre, p\u00e2tes ou riz) et l\u00e9gumes<\/li>\n<li>Soupe maison<\/li>\n<li>Salade<\/li>\n<li>Pain<\/li>\n<li>Dessert<\/li>\n<\/ul>\n<p>[\/et_pb_blurb][\/et_pb_column][\/et_pb_row][\/et_pb_section]<\/p>\n","protected":false},"excerpt":{"rendered":"<p>Repas pour mamansAu sujet du programmeGr\u00e2ce \u00e0 ce programme, des repas nutritifs sont livr\u00e9s aux nouvelles m\u00e8res pendant de 6 \u00e0 8 semaines apr\u00e8s la naissance afin d\u2019assurer leur bien-\u00eatre nutritionnel et celui des enfants \u00e0 leur charge. Le programme s\u2019adresse aussi aux parents ayant des enfants d\u2019\u00e2ge pr\u00e9scolaire. Une pr\u00e9-\u00e9valuation est requise pour avoir recours \u00e0 ce service. Le programme comprend \u00e0 la fois des Repas chauds et des Repas congel\u00e9s. Un repas ordinaire co\u00fbte 10 $ et un repas avec succ\u00e9dan\u00e9 du sucre co\u00fbte 10,25 $. 175 ml \u2013 jus de fruits 100 % pur (pomme, orange et canneberge) Plat principal : viande, poisson ou volaille, f\u00e9culents (pomme de terre, p\u00e2tes ou riz) et l\u00e9gumes Soupe maison Salade Pain Dessert<\/p>\n","protected":false},"author":1,"featured_media":0,"parent":0,"menu_order":0,"comment_status":"closed","ping_status":"closed","template":"","meta":{"_et_pb_use_builder":"on","_et_pb_old_content":"","_et_gb_content_width":"","footnotes":""},"class_list":["post-988","page","type-page","status-publish","hentry"],"_links":{"self":[{"href":"https:\/\/sudburymeals.org\/fr\/wp-json\/wp\/v2\/pages\/988","targetHints":{"allow":["GET"]}}],"collection":[{"href":"https:\/\/sudburymeals.org\/fr\/wp-json\/wp\/v2\/pages"}],"about":[{"href":"https:\/\/sudburymeals.org\/fr\/wp-json\/wp\/v2\/types\/page"}],"author":[{"embeddable":true,"href":"https:\/\/sudburymeals.org\/fr\/wp-json\/wp\/v2\/users\/1"}],"replies":[{"embeddable":true,"href":"https:\/\/sudburymeals.org\/fr\/wp-json\/wp\/v2\/comments?post=988"}],"version-history":[{"count":2,"href":"https:\/\/sudburymeals.org\/fr\/wp-json\/wp\/v2\/pages\/988\/revisions"}],"predecessor-version":[{"id":990,"href":"https:\/\/sudburymeals.org\/fr\/wp-json\/wp\/v2\/pages\/988\/revisions\/990"}],"wp:attachment":[{"href":"https:\/\/sudburymeals.org\/fr\/wp-json\/wp\/v2\/media?parent=988"}],"curies":[{"name":"wp","href":"https:\/\/api.w.org\/{rel}","templated":true}]}}